{"id":18056,"date":"2026-04-24T12:38:13","date_gmt":"2026-04-24T09:38:13","guid":{"rendered":"https:\/\/ursus.ee\/toode\/serveerimisalus-pvc-troopika-2\/"},"modified":"2026-04-24T12:38:13","modified_gmt":"2026-04-24T09:38:13","slug":"serveerimisalus-pvc-troopika-2","status":"publish","type":"product","link":"https:\/\/ursus.ee\/en\/toode\/serveerimisalus-pvc-troopika-2\/","title":{"rendered":"Serveerimisalus PVC, troopika"},"content":{"rendered":"<p>Kergesti hooldatav PVC materjalist serveerimisalus v\u00f5i lauamatt. M\u00f5\u00f5dud 43,5x28cm.<\/p>\n","protected":false},"excerpt":{"rendered":"<p>Kergesti hooldatav PVC materjalist serveerimisalus v\u00f5i lauamatt. M\u00f5\u00f5dud 43,5x28cm.<\/p>\n","protected":false},"featured_media":15794,"comment_status":"closed","ping_status":"open","template":"","meta":{"_acf_changed":false},"product_brand":[621],"product_cat":[730],"product_tag":[],"class_list":{"0":"post-18056","1":"product","2":"type-product","3":"status-publish","4":"has-post-thumbnail","6":"product_brand-bakkjard","7":"product_cat-outlet","8":"pa_kogus-1-tk","9":"pa_paritolumaa-hiina","10":"pa_uhik-tk","12":"first","13":"instock","14":"sale","15":"taxable","16":"shipping-taxable","17":"purchasable","18":"product-type-simple"},"acf":[],"_links":{"self":[{"href":"https:\/\/ursus.ee\/en\/wp-json\/wp\/v2\/product\/18056","targetHints":{"allow":["GET"]}}],"collection":[{"href":"https:\/\/ursus.ee\/en\/wp-json\/wp\/v2\/product"}],"about":[{"href":"https:\/\/ursus.ee\/en\/wp-json\/wp\/v2\/types\/product"}],"replies":[{"embeddable":true,"href":"https:\/\/ursus.ee\/en\/wp-json\/wp\/v2\/comments?post=18056"}],"wp:featuredmedia":[{"embeddable":true,"href":"https:\/\/ursus.ee\/en\/wp-json\/wp\/v2\/media\/15794"}],"wp:attachment":[{"href":"https:\/\/ursus.ee\/en\/wp-json\/wp\/v2\/media?parent=18056"}],"wp:term":[{"taxonomy":"product_brand","embeddable":true,"href":"https:\/\/ursus.ee\/en\/wp-json\/wp\/v2\/product_brand?post=18056"},{"taxonomy":"product_cat","embeddable":true,"href":"https:\/\/ursus.ee\/en\/wp-json\/wp\/v2\/product_cat?post=18056"},{"taxonomy":"product_tag","embeddable":true,"href":"https:\/\/ursus.ee\/en\/wp-json\/wp\/v2\/product_tag?post=18056"}],"curies":[{"name":"wp","href":"https:\/\/api.w.org\/{rel}","templated":true}]}}