{"id":18033,"date":"2026-04-24T16:17:19","date_gmt":"2026-04-24T13:17:19","guid":{"rendered":"https:\/\/ursus.ee\/toode\/keraamiline-taldrik-27cm-oliivi-roheline-2\/"},"modified":"2026-04-24T16:17:19","modified_gmt":"2026-04-24T13:17:19","slug":"keraamiline-taldrik-27cm-oliivi-roheline-2","status":"publish","type":"product","link":"https:\/\/ursus.ee\/en\/toode\/keraamiline-taldrik-27cm-oliivi-roheline-2\/","title":{"rendered":"Keraamiline taldrik 27cm, oliivi roheline"},"content":{"rendered":"<p>Keraamiline taldrik l\u00e4bim\u00f5\u00f5duga 27cm. V\u00e4rvus: l\u00e4ikiv oliivi roheline<\/p>\n","protected":false},"excerpt":{"rendered":"<p>Keraamiline taldrik l\u00e4bim\u00f5\u00f5duga 27cm. V\u00e4rvus: l\u00e4ikiv oliivi roheline<\/p>\n","protected":false},"featured_media":18164,"comment_status":"closed","ping_status":"closed","template":"","meta":{"_acf_changed":false},"product_brand":[621],"product_cat":[730],"product_tag":[],"class_list":{"0":"post-18033","1":"product","2":"type-product","3":"status-publish","4":"has-post-thumbnail","6":"product_brand-bakkjard","7":"product_cat-outlet","8":"pa_kogus-1-tk","9":"pa_paritolumaa-hiina","10":"pa_uhik-tk","12":"first","13":"instock","14":"sale","15":"taxable","16":"shipping-taxable","17":"purchasable","18":"product-type-simple"},"acf":[],"_links":{"self":[{"href":"https:\/\/ursus.ee\/en\/wp-json\/wp\/v2\/product\/18033","targetHints":{"allow":["GET"]}}],"collection":[{"href":"https:\/\/ursus.ee\/en\/wp-json\/wp\/v2\/product"}],"about":[{"href":"https:\/\/ursus.ee\/en\/wp-json\/wp\/v2\/types\/product"}],"replies":[{"embeddable":true,"href":"https:\/\/ursus.ee\/en\/wp-json\/wp\/v2\/comments?post=18033"}],"wp:featuredmedia":[{"embeddable":true,"href":"https:\/\/ursus.ee\/en\/wp-json\/wp\/v2\/media\/18164"}],"wp:attachment":[{"href":"https:\/\/ursus.ee\/en\/wp-json\/wp\/v2\/media?parent=18033"}],"wp:term":[{"taxonomy":"product_brand","embeddable":true,"href":"https:\/\/ursus.ee\/en\/wp-json\/wp\/v2\/product_brand?post=18033"},{"taxonomy":"product_cat","embeddable":true,"href":"https:\/\/ursus.ee\/en\/wp-json\/wp\/v2\/product_cat?post=18033"},{"taxonomy":"product_tag","embeddable":true,"href":"https:\/\/ursus.ee\/en\/wp-json\/wp\/v2\/product_tag?post=18033"}],"curies":[{"name":"wp","href":"https:\/\/api.w.org\/{rel}","templated":true}]}}