{"id":18022,"date":"2026-04-16T17:50:04","date_gmt":"2026-04-16T14:50:04","guid":{"rendered":"https:\/\/ursus.ee\/toode\/biolagunevad-piklikud-taldrikud-10tk\/"},"modified":"2026-04-27T12:20:25","modified_gmt":"2026-04-27T09:20:25","slug":"biolagunevad-piklikud-taldrikud-10tk","status":"publish","type":"product","link":"https:\/\/ursus.ee\/en\/toode\/biolagunevad-piklikud-taldrikud-10tk\/","title":{"rendered":"Biolagunevad piklikud taldrikud 10tk"},"content":{"rendered":"<p>Biolagunevad n\u00f5ud on valmistatud kiiresti taastuvatest looduslikest ressurssidest ja lagunevad t\u00f6\u00f6stuslikus kompostris t\u00e4ielikult.<\/p>\n","protected":false},"excerpt":{"rendered":"<p>Biolagunevad n\u00f5ud on valmistatud kiiresti taastuvatest looduslikest ressurssidest ja lagunevad t\u00f6\u00f6stuslikus kompostris t\u00e4ielikult.<\/p>\n","protected":false},"featured_media":15750,"comment_status":"closed","ping_status":"closed","template":"","meta":{"_acf_changed":false},"product_brand":[707],"product_cat":[730],"product_tag":[],"class_list":{"0":"post-18022","1":"product","2":"type-product","3":"status-publish","4":"has-post-thumbnail","6":"product_brand-bio","7":"product_cat-outlet","8":"pa_kogus-10-tk","9":"pa_paritolumaa-hiina","10":"pa_uhik-tk","12":"first","13":"instock","14":"sale","15":"taxable","16":"shipping-taxable","17":"purchasable","18":"product-type-simple"},"acf":[],"_links":{"self":[{"href":"https:\/\/ursus.ee\/en\/wp-json\/wp\/v2\/product\/18022","targetHints":{"allow":["GET"]}}],"collection":[{"href":"https:\/\/ursus.ee\/en\/wp-json\/wp\/v2\/product"}],"about":[{"href":"https:\/\/ursus.ee\/en\/wp-json\/wp\/v2\/types\/product"}],"replies":[{"embeddable":true,"href":"https:\/\/ursus.ee\/en\/wp-json\/wp\/v2\/comments?post=18022"}],"wp:featuredmedia":[{"embeddable":true,"href":"https:\/\/ursus.ee\/en\/wp-json\/wp\/v2\/media\/15750"}],"wp:attachment":[{"href":"https:\/\/ursus.ee\/en\/wp-json\/wp\/v2\/media?parent=18022"}],"wp:term":[{"taxonomy":"product_brand","embeddable":true,"href":"https:\/\/ursus.ee\/en\/wp-json\/wp\/v2\/product_brand?post=18022"},{"taxonomy":"product_cat","embeddable":true,"href":"https:\/\/ursus.ee\/en\/wp-json\/wp\/v2\/product_cat?post=18022"},{"taxonomy":"product_tag","embeddable":true,"href":"https:\/\/ursus.ee\/en\/wp-json\/wp\/v2\/product_tag?post=18022"}],"curies":[{"name":"wp","href":"https:\/\/api.w.org\/{rel}","templated":true}]}}