{"id":18021,"date":"2026-04-24T12:18:10","date_gmt":"2026-04-24T09:18:10","guid":{"rendered":"https:\/\/ursus.ee\/toode\/praepannide-komplekt-simple-cook-3-osaline-2\/"},"modified":"2026-04-24T12:18:10","modified_gmt":"2026-04-24T09:18:10","slug":"praepannide-komplekt-simple-cook-3-osaline-2","status":"publish","type":"product","link":"https:\/\/ursus.ee\/en\/toode\/praepannide-komplekt-simple-cook-3-osaline-2\/","title":{"rendered":"Praepannide komplekt Simple Cook 3-osaline"},"content":{"rendered":"<p>Tefal Simple Cook sarja pannid on kaetud kvaliteetse titaankattega ja kergesti puhastatavad. Difusioonip\u00f5hi tagab optimaalse kuumuse jaotuse ja k\u00e4epidet on ergonoomiliselt mugavuse kasutada. T\u00e4nu kvaliteetsele mittenakkuvale kattele saab panni kasutada \u00f5livabalt k\u00fcpsetamiseks. Sobivad kasutada elektri-, gaasi- ja keraamilisel pliidil. Ei sobi induktsioonpliidile. Komplekti kuulub kolm Tefal Simple Cooks sarja praepanni (20 cm, 24 cm, 28 cm). <\/p>\n<p>KASUTAMINE:<br \/>\nEnne esmast kasutamist pese ja loputa pann sooja pesuveega. Toidu segamiseks kasuta puidust v\u00f5i kuumuskindlast plastikust k\u00f6\u00f6giriistu, et v\u00e4ltida panni pinna kahjustamist. Peale kasutamist laske pannil jahtuda. Peske pann sooja loputusveega. \u00c4rge kasutage abrasiivseid puhastusvahendeid.<\/p>\n<p>OHUTUS:<br \/>\n\u00c4rge j\u00e4tke panni j\u00e4relevalveta kuumaallikale. \u00c4rge j\u00e4tke kuumenenud panni lastele k\u00e4ttesaadavasse kohta.<\/p>\n","protected":false},"excerpt":{"rendered":"<p>Tefal Simple Cook sarja pannid on kaetud kvaliteetse titaankattega ja kergesti puhastatavad. Difusioonip\u00f5hi tagab optimaalse kuumuse jaotuse ja k\u00e4epidet on ergonoomiliselt mugavuse kasutada. T\u00e4nu kvaliteetsele mittenakkuvale kattele saab panni kasutada \u00f5livabalt k\u00fcpsetamiseks. Sobivad kasutada elektri-, gaasi- ja keraamilisel pliidil. Ei sobi induktsioonpliidile. Komplekti kuulub kolm Tefal Simple Cooks sarja praepanni (20 cm, 24 cm, 28<\/p>\n","protected":false},"featured_media":15747,"comment_status":"closed","ping_status":"open","template":"","meta":{"_acf_changed":false},"product_brand":[706],"product_cat":[730],"product_tag":[],"class_list":{"0":"post-18021","1":"product","2":"type-product","3":"status-publish","4":"has-post-thumbnail","6":"product_brand-tefal","7":"product_cat-outlet","8":"pa_kogus-1-tk","9":"pa_paritolumaa-prantsusmaa","10":"pa_uhik-tk","12":"first","13":"instock","14":"sale","15":"taxable","16":"shipping-taxable","17":"purchasable","18":"product-type-simple"},"acf":[],"_links":{"self":[{"href":"https:\/\/ursus.ee\/en\/wp-json\/wp\/v2\/product\/18021","targetHints":{"allow":["GET"]}}],"collection":[{"href":"https:\/\/ursus.ee\/en\/wp-json\/wp\/v2\/product"}],"about":[{"href":"https:\/\/ursus.ee\/en\/wp-json\/wp\/v2\/types\/product"}],"replies":[{"embeddable":true,"href":"https:\/\/ursus.ee\/en\/wp-json\/wp\/v2\/comments?post=18021"}],"wp:featuredmedia":[{"embeddable":true,"href":"https:\/\/ursus.ee\/en\/wp-json\/wp\/v2\/media\/15747"}],"wp:attachment":[{"href":"https:\/\/ursus.ee\/en\/wp-json\/wp\/v2\/media?parent=18021"}],"wp:term":[{"taxonomy":"product_brand","embeddable":true,"href":"https:\/\/ursus.ee\/en\/wp-json\/wp\/v2\/product_brand?post=18021"},{"taxonomy":"product_cat","embeddable":true,"href":"https:\/\/ursus.ee\/en\/wp-json\/wp\/v2\/product_cat?post=18021"},{"taxonomy":"product_tag","embeddable":true,"href":"https:\/\/ursus.ee\/en\/wp-json\/wp\/v2\/product_tag?post=18021"}],"curies":[{"name":"wp","href":"https:\/\/api.w.org\/{rel}","templated":true}]}}