{"id":18014,"date":"2026-04-24T12:18:03","date_gmt":"2026-04-24T09:18:03","guid":{"rendered":"https:\/\/ursus.ee\/toode\/kaepide-ingenio-standard-2\/"},"modified":"2026-04-24T12:18:03","modified_gmt":"2026-04-24T09:18:03","slug":"kaepide-ingenio-standard-2","status":"publish","type":"product","link":"https:\/\/ursus.ee\/en\/toode\/kaepide-ingenio-standard-2\/","title":{"rendered":"K\u00e4epide Ingenio Standard"},"content":{"rendered":"<p>Tefal Ingenio sarja kuuluvad eemaldatava k\u00e4epidemega k\u00fcpsetusn\u00f5ud on praktilised ja ruumis\u00e4\u00e4stlikud. Unikaalse Tefal Ingenioga saad sama k\u00f6\u00f6gin\u00f5ud kasutada toiduvalmistamiseks, praadimiseks, ahjus k\u00fcpsetamiseks, k\u00fclmkapis s\u00e4ilitamiseks ja lauale serveerimiseks. K\u00e4epide sobib Ingenio pannidele, pottidele, vokkidele ja kastrulitele, muutes selle praktiliseks igap\u00e4evaseks kasutamiseks. Vastupidavus: kuni 10 kg. K\u00e4epideme saab eemaldada &#8211; pannide ja pottide lihtne hoiustamine. \u00dche kl\u00f5psuga kinnitus ja eemaldamine.<\/p>\n","protected":false},"excerpt":{"rendered":"<p>Tefal Ingenio sarja kuuluvad eemaldatava k\u00e4epidemega k\u00fcpsetusn\u00f5ud on praktilised ja ruumis\u00e4\u00e4stlikud. Unikaalse Tefal Ingenioga saad sama k\u00f6\u00f6gin\u00f5ud kasutada toiduvalmistamiseks, praadimiseks, ahjus k\u00fcpsetamiseks, k\u00fclmkapis s\u00e4ilitamiseks ja lauale serveerimiseks. K\u00e4epide sobib Ingenio pannidele, pottidele, vokkidele ja kastrulitele, muutes selle praktiliseks igap\u00e4evaseks kasutamiseks. Vastupidavus: kuni 10 kg. K\u00e4epideme saab eemaldada &#8211; pannide ja pottide lihtne hoiustamine. \u00dche kl\u00f5psuga<\/p>\n","protected":false},"featured_media":15733,"comment_status":"closed","ping_status":"open","template":"","meta":{"_acf_changed":false},"product_brand":[706],"product_cat":[730],"product_tag":[],"class_list":{"0":"post-18014","1":"product","2":"type-product","3":"status-publish","4":"has-post-thumbnail","6":"product_brand-tefal","7":"product_cat-outlet","8":"pa_kogus-1-tk","9":"pa_paritolumaa-prantsusmaa","10":"pa_uhik-tk","12":"first","13":"instock","14":"sale","15":"taxable","16":"shipping-taxable","17":"purchasable","18":"product-type-simple"},"acf":[],"_links":{"self":[{"href":"https:\/\/ursus.ee\/en\/wp-json\/wp\/v2\/product\/18014","targetHints":{"allow":["GET"]}}],"collection":[{"href":"https:\/\/ursus.ee\/en\/wp-json\/wp\/v2\/product"}],"about":[{"href":"https:\/\/ursus.ee\/en\/wp-json\/wp\/v2\/types\/product"}],"replies":[{"embeddable":true,"href":"https:\/\/ursus.ee\/en\/wp-json\/wp\/v2\/comments?post=18014"}],"wp:featuredmedia":[{"embeddable":true,"href":"https:\/\/ursus.ee\/en\/wp-json\/wp\/v2\/media\/15733"}],"wp:attachment":[{"href":"https:\/\/ursus.ee\/en\/wp-json\/wp\/v2\/media?parent=18014"}],"wp:term":[{"taxonomy":"product_brand","embeddable":true,"href":"https:\/\/ursus.ee\/en\/wp-json\/wp\/v2\/product_brand?post=18014"},{"taxonomy":"product_cat","embeddable":true,"href":"https:\/\/ursus.ee\/en\/wp-json\/wp\/v2\/product_cat?post=18014"},{"taxonomy":"product_tag","embeddable":true,"href":"https:\/\/ursus.ee\/en\/wp-json\/wp\/v2\/product_tag?post=18014"}],"curies":[{"name":"wp","href":"https:\/\/api.w.org\/{rel}","templated":true}]}}