{"id":18013,"date":"2026-04-24T12:18:10","date_gmt":"2026-04-24T09:18:10","guid":{"rendered":"https:\/\/ursus.ee\/toode\/praepannide-komplekt-ingenio-performance-2\/"},"modified":"2026-04-24T12:18:10","modified_gmt":"2026-04-24T09:18:10","slug":"praepannide-komplekt-ingenio-performance-2","status":"publish","type":"product","link":"https:\/\/ursus.ee\/en\/toode\/praepannide-komplekt-ingenio-performance-2\/","title":{"rendered":"Praepannide komplekt Ingenio Performance"},"content":{"rendered":"<p>T\u00e4nu Ingeniole ja selle t\u00e4iesti turvaliselt eemaldatavale k\u00e4epideme s\u00fcsteemile saate \u00fche panni teise vastu vahetada \u00fche kl\u00f5psuga. Pliidilt ahju, lauale, k\u00fclmkappi v\u00f5i n\u00f5udepesumasinasse &#8211; Ingenio on nutikas lahendus mitmesuguste k\u00f6\u00f6gitarvikute jaoks. Neil on ruumi s\u00e4\u00e4stev kujundus, nii et neid saab virnastada ja kapis mugavalt hoida. Ingenio Performance \u00fchildub k\u00f5igi pliitidega, sh induktsioonpliidiga, ja sellel on Thermo-Spot\u00ae temperatuurin\u00e4idik t\u00e4iuslikult k\u00fcpsetatud maitsvat toidu valmistamiseks. Eriti vastupidava ja 100% ohutu Titanium Pro kattega Ingenio Performance tooted on v\u00e4ga vastupidavad kriimustustele ja lihtsad puhastada. <\/p>\n<p>KASUTAMINE:<br \/>\nEnne esmast kasutamist pese ja loputa pann sooja pesuveega. Toidu segamiseks kasuta puidust v\u00f5i kuumuskindlast plastikust k\u00f6\u00f6giriistu, et v\u00e4ltida panni pinna kahjustamist. Peale kasutamist laske pannil jahtuda. Peske pann sooja loputusveega. \u00c4rge kasutage abrasiivseid puhastusvahendeid.<\/p>\n<p>OHUTUS:<br \/>\n\u00c4rge j\u00e4tke panni j\u00e4relvalveta kuumaallikale. \u00c4rge j\u00e4tke kuumenenud panni lastele k\u00e4ttesaadavasse kohta.<\/p>\n","protected":false},"excerpt":{"rendered":"<p>T\u00e4nu Ingeniole ja selle t\u00e4iesti turvaliselt eemaldatavale k\u00e4epideme s\u00fcsteemile saate \u00fche panni teise vastu vahetada \u00fche kl\u00f5psuga. Pliidilt ahju, lauale, k\u00fclmkappi v\u00f5i n\u00f5udepesumasinasse &#8211; Ingenio on nutikas lahendus mitmesuguste k\u00f6\u00f6gitarvikute jaoks. Neil on ruumi s\u00e4\u00e4stev kujundus, nii et neid saab virnastada ja kapis mugavalt hoida. Ingenio Performance \u00fchildub k\u00f5igi pliitidega, sh induktsioonpliidiga, ja sellel on<\/p>\n","protected":false},"featured_media":15730,"comment_status":"closed","ping_status":"open","template":"","meta":{"_acf_changed":false},"product_brand":[706],"product_cat":[730],"product_tag":[],"class_list":{"0":"post-18013","1":"product","2":"type-product","3":"status-publish","4":"has-post-thumbnail","6":"product_brand-tefal","7":"product_cat-outlet","8":"pa_kogus-1-kompl","9":"pa_paritolumaa-prantsusmaa","10":"pa_uhik-kompl","12":"first","13":"instock","14":"sale","15":"taxable","16":"shipping-taxable","17":"purchasable","18":"product-type-simple"},"acf":[],"_links":{"self":[{"href":"https:\/\/ursus.ee\/en\/wp-json\/wp\/v2\/product\/18013","targetHints":{"allow":["GET"]}}],"collection":[{"href":"https:\/\/ursus.ee\/en\/wp-json\/wp\/v2\/product"}],"about":[{"href":"https:\/\/ursus.ee\/en\/wp-json\/wp\/v2\/types\/product"}],"replies":[{"embeddable":true,"href":"https:\/\/ursus.ee\/en\/wp-json\/wp\/v2\/comments?post=18013"}],"wp:featuredmedia":[{"embeddable":true,"href":"https:\/\/ursus.ee\/en\/wp-json\/wp\/v2\/media\/15730"}],"wp:attachment":[{"href":"https:\/\/ursus.ee\/en\/wp-json\/wp\/v2\/media?parent=18013"}],"wp:term":[{"taxonomy":"product_brand","embeddable":true,"href":"https:\/\/ursus.ee\/en\/wp-json\/wp\/v2\/product_brand?post=18013"},{"taxonomy":"product_cat","embeddable":true,"href":"https:\/\/ursus.ee\/en\/wp-json\/wp\/v2\/product_cat?post=18013"},{"taxonomy":"product_tag","embeddable":true,"href":"https:\/\/ursus.ee\/en\/wp-json\/wp\/v2\/product_tag?post=18013"}],"curies":[{"name":"wp","href":"https:\/\/api.w.org\/{rel}","templated":true}]}}