{"id":18010,"date":"2026-04-24T12:18:09","date_gmt":"2026-04-24T09:18:09","guid":{"rendered":"https:\/\/ursus.ee\/toode\/praepann-ingenio-eco-respect-24cm-2\/"},"modified":"2026-04-24T12:18:09","modified_gmt":"2026-04-24T09:18:09","slug":"praepann-ingenio-eco-respect-24cm-2","status":"publish","type":"product","link":"https:\/\/ursus.ee\/en\/toode\/praepann-ingenio-eco-respect-24cm-2\/","title":{"rendered":"Praepann Ingenio Eco Respect 24cm"},"content":{"rendered":"<p>Ringmajanduse pioneerina on Tefal alati tegutsenud nii, et keskkond oleks kaitstud. Eco Respecti sarjaga astume veel \u00fche sammu edasi: praepanni korpus on valmistatud 100% \u00fcmbert\u00f6\u00f6deldud alumiiniumist. \u00dcmbert\u00f6\u00f6deldud alumiiniumi tootmiseks on vaja 99% v\u00e4hem energiat kui uue alumiiniumi tootmiseks. Seda k\u00f5ike kvaliteedis j\u00e4releandmisi tegemata ja uuenduslikult: Titanium Pro kestab kaks korda kauem kui Tefali standardne titaankate ning tagab toote pika eluea. Lisaks on nii sees- kui ka v\u00e4ljastpoolt mittenakkuva kattega toodet \u00fclilihtne puhastada. Thermo-Signal tehnoloogia n\u00e4itab \u00e4ra ideaalse temperatuuri toiduvalmistamise alustamiseks, et saaksite t\u00e4iuslikult pruunistada ja valmistada rikkaliku maitsen\u00fcanssidega eineid. Thermo-Fusion p\u00f5hi tagab optimaalse kuumuse jaotamise ja \u00fchtlased tulemused. Tutvuge selle praepanniga, mis on m\u00f5eldud \u00fchtlaseks pruunistamiseks ja rasvavabaks toiduvalmistamiseks, seda t\u00e4nu k\u00f5rgekvaliteetsele mittenakkuvale pealispinnale ja nii, et toit maitseb ikka sama h\u00e4sti. Ja et me k\u00f5ik saame planeedi kaitsmiseks rohkem teha, suunake oma k\u00f6\u00f6gin\u00f5ud \u00fcmbert\u00f6\u00f6tlemisse! Sobib kasutamiseks induktsioon, gaasi, elektri\u2013 ja keraamilise pliidiga.<br \/>\nTefal Ingenio sarja kuuluvad eemaldatava k\u00e4epidemega k\u00fcpsetusn\u00f5ud on praktilised ja ruumis\u00e4\u00e4stlikud. Unikaalse Tefal Ingenioga saad sama k\u00f6\u00f6gin\u00f5ud kasutada toiduvalmistamiseks, praadimiseks, ahjus k\u00fcpsetamiseks, k\u00fclmkapis s\u00e4ilitamiseks ja lauale serveerimiseks. Eemaldatav Ingenio k\u00e4epide ei kuulu komplekti.<\/p>\n<p>KASUTAMINE:<br \/>\nEnne esmast kasutamist pese ja loputa pann sooja pesuveega. Toidu segamiseks kasuta puidust v\u00f5i kuumuskindlast plastikust k\u00f6\u00f6giriistu, et v\u00e4ltida panni pinna kahjustamist. Peale kasutamist laske pannil jahtuda. Peske pann sooja loputusveega. \u00c4rge kasutage abrasiivseid puhastusvahendeid.<\/p>\n<p>OHUTUS:<br \/>\n\u00c4rge j\u00e4tke panni j\u00e4relvalveta kuumaallikale. \u00c4rge j\u00e4tke kuumenenud panni lastele k\u00e4ttesaadavasse kohta.<\/p>\n","protected":false},"excerpt":{"rendered":"<p>Ringmajanduse pioneerina on Tefal alati tegutsenud nii, et keskkond oleks kaitstud. Eco Respecti sarjaga astume veel \u00fche sammu edasi: praepanni korpus on valmistatud 100% \u00fcmbert\u00f6\u00f6deldud alumiiniumist. \u00dcmbert\u00f6\u00f6deldud alumiiniumi tootmiseks on vaja 99% v\u00e4hem energiat kui uue alumiiniumi tootmiseks. Seda k\u00f5ike kvaliteedis j\u00e4releandmisi tegemata ja uuenduslikult: Titanium Pro kestab kaks korda kauem kui Tefali standardne titaankate<\/p>\n","protected":false},"featured_media":15721,"comment_status":"closed","ping_status":"open","template":"","meta":{"_acf_changed":false},"product_brand":[706],"product_cat":[730],"product_tag":[],"class_list":{"0":"post-18010","1":"product","2":"type-product","3":"status-publish","4":"has-post-thumbnail","6":"product_brand-tefal","7":"product_cat-outlet","8":"pa_kogus-1-tk","9":"pa_paritolumaa-prantsusmaa","10":"pa_uhik-tk","12":"first","13":"instock","14":"sale","15":"taxable","16":"shipping-taxable","17":"purchasable","18":"product-type-simple"},"acf":[],"_links":{"self":[{"href":"https:\/\/ursus.ee\/en\/wp-json\/wp\/v2\/product\/18010","targetHints":{"allow":["GET"]}}],"collection":[{"href":"https:\/\/ursus.ee\/en\/wp-json\/wp\/v2\/product"}],"about":[{"href":"https:\/\/ursus.ee\/en\/wp-json\/wp\/v2\/types\/product"}],"replies":[{"embeddable":true,"href":"https:\/\/ursus.ee\/en\/wp-json\/wp\/v2\/comments?post=18010"}],"wp:featuredmedia":[{"embeddable":true,"href":"https:\/\/ursus.ee\/en\/wp-json\/wp\/v2\/media\/15721"}],"wp:attachment":[{"href":"https:\/\/ursus.ee\/en\/wp-json\/wp\/v2\/media?parent=18010"}],"wp:term":[{"taxonomy":"product_brand","embeddable":true,"href":"https:\/\/ursus.ee\/en\/wp-json\/wp\/v2\/product_brand?post=18010"},{"taxonomy":"product_cat","embeddable":true,"href":"https:\/\/ursus.ee\/en\/wp-json\/wp\/v2\/product_cat?post=18010"},{"taxonomy":"product_tag","embeddable":true,"href":"https:\/\/ursus.ee\/en\/wp-json\/wp\/v2\/product_tag?post=18010"}],"curies":[{"name":"wp","href":"https:\/\/api.w.org\/{rel}","templated":true}]}}