{"id":18008,"date":"2026-04-24T12:18:08","date_gmt":"2026-04-24T09:18:08","guid":{"rendered":"https:\/\/ursus.ee\/toode\/praepann-ingenio-authentics-24cm-2\/"},"modified":"2026-04-24T12:18:08","modified_gmt":"2026-04-24T09:18:08","slug":"praepann-ingenio-authentics-24cm-2","status":"publish","type":"product","link":"https:\/\/ursus.ee\/en\/toode\/praepann-ingenio-authentics-24cm-2\/","title":{"rendered":"Praepann Ingenio Authentics 24cm"},"content":{"rendered":"<p>Pliidiplaadilt, ahju, lauale ja k\u00fclmkappi, Ingenio praepann on nutikas ja lihtne lahendus mitmek\u00fclgsetele k\u00f6\u00f6gitarbetele. Ruumis\u00e4\u00e4stlik, virnastatav disain tagab selle h\u00f5lpsa hoidmise kappides. Selle patenteeritud ohutu ja eemaldatav k\u00e4epide v\u00f5ib taluda raskust kuni 10 kg ja sellel on k\u00fcmneaastane garantii. Ingenio Authentic mittekleepuv praepann \u00fchildub k\u00f5igi pliidiplaatidega, kaasa arvatud induktsiooniplaat, ning sellel on Thermo-Spot\u00ae temperatuuriindikaator, mis tagab t\u00e4iuslikult k\u00fcpsetatud ja maitsek\u00fcllase toidu. Tugevdatud kattekihiga Titanium Mineralia+ kestab see v\u00e4ga vastupidav mittekleepuv toode kuni 2 korda kauem. Intensiivseks kasutamiseks m\u00f5eldud pann on v\u00e4ga vastupidav k\u00f5ikidele s\u00f6\u00f6giriistadele ja ka k\u00f5ige ekstreemsematele toiduvalmistamisviisidele, s\u00e4ilitades oma kleepumisvastase j\u00f5udluse aastast aastasse.<\/p>\n<p>KASUTAMINE:<br \/>\nEnne esmast kasutamist pese ja loputa pann sooja pesuveega. Toidu segamiseks kasuta puidust v\u00f5i kuumuskindlast plastikust k\u00f6\u00f6giriistu, et v\u00e4ltida panni pinna kahjustamist.<br \/>\nPeale kasutamist laske pannil jahtuda. Peske pann sooja loputusveega. \u00c4rge kasutage abrasiivseid puhastusvahendeid.<\/p>\n<p>OHUTUS:<br \/>\n\u00c4rge j\u00e4tke panni j\u00e4relvalveta kuumaallikale. \u00c4rge j\u00e4tke kuumenenud panni lastele k\u00e4ttesaadavasse kohta.<\/p>\n","protected":false},"excerpt":{"rendered":"<p>Pliidiplaadilt, ahju, lauale ja k\u00fclmkappi, Ingenio praepann on nutikas ja lihtne lahendus mitmek\u00fclgsetele k\u00f6\u00f6gitarbetele. Ruumis\u00e4\u00e4stlik, virnastatav disain tagab selle h\u00f5lpsa hoidmise kappides. Selle patenteeritud ohutu ja eemaldatav k\u00e4epide v\u00f5ib taluda raskust kuni 10 kg ja sellel on k\u00fcmneaastane garantii. Ingenio Authentic mittekleepuv praepann \u00fchildub k\u00f5igi pliidiplaatidega, kaasa arvatud induktsiooniplaat, ning sellel on Thermo-Spot\u00ae temperatuuriindikaator, mis<\/p>\n","protected":false},"featured_media":15717,"comment_status":"closed","ping_status":"open","template":"","meta":{"_acf_changed":false},"product_brand":[706],"product_cat":[730],"product_tag":[],"class_list":{"0":"post-18008","1":"product","2":"type-product","3":"status-publish","4":"has-post-thumbnail","6":"product_brand-tefal","7":"product_cat-outlet","8":"pa_kogus-1-tk","9":"pa_paritolumaa-prantsusmaa","10":"pa_uhik-tk","12":"first","13":"instock","14":"sale","15":"taxable","16":"shipping-taxable","17":"purchasable","18":"product-type-simple"},"acf":[],"_links":{"self":[{"href":"https:\/\/ursus.ee\/en\/wp-json\/wp\/v2\/product\/18008","targetHints":{"allow":["GET"]}}],"collection":[{"href":"https:\/\/ursus.ee\/en\/wp-json\/wp\/v2\/product"}],"about":[{"href":"https:\/\/ursus.ee\/en\/wp-json\/wp\/v2\/types\/product"}],"replies":[{"embeddable":true,"href":"https:\/\/ursus.ee\/en\/wp-json\/wp\/v2\/comments?post=18008"}],"wp:featuredmedia":[{"embeddable":true,"href":"https:\/\/ursus.ee\/en\/wp-json\/wp\/v2\/media\/15717"}],"wp:attachment":[{"href":"https:\/\/ursus.ee\/en\/wp-json\/wp\/v2\/media?parent=18008"}],"wp:term":[{"taxonomy":"product_brand","embeddable":true,"href":"https:\/\/ursus.ee\/en\/wp-json\/wp\/v2\/product_brand?post=18008"},{"taxonomy":"product_cat","embeddable":true,"href":"https:\/\/ursus.ee\/en\/wp-json\/wp\/v2\/product_cat?post=18008"},{"taxonomy":"product_tag","embeddable":true,"href":"https:\/\/ursus.ee\/en\/wp-json\/wp\/v2\/product_tag?post=18008"}],"curies":[{"name":"wp","href":"https:\/\/api.w.org\/{rel}","templated":true}]}}