{"id":18004,"date":"2026-04-24T12:18:04","date_gmt":"2026-04-24T09:18:04","guid":{"rendered":"https:\/\/ursus.ee\/toode\/pannkoogipann-healthy-chef-25cm-2\/"},"modified":"2026-04-24T12:18:04","modified_gmt":"2026-04-24T09:18:04","slug":"pannkoogipann-healthy-chef-25cm-2","status":"publish","type":"product","link":"https:\/\/ursus.ee\/en\/toode\/pannkoogipann-healthy-chef-25cm-2\/","title":{"rendered":"Pannkoogipann Healthy Chef 25cm"},"content":{"rendered":"<p>Valmistatud vastupidavast valu-alumiiniumist. Sobib kasutamiseks induktsioon, gaasi, elektri \u2013ja keraamilise pliidiga. Pann on kaetud v\u00e4ga kvaliteetse ja vastupidava Mineralia Non-stick nakkumisvastase kattega. Tefal\u00b4i uus Thermo-Signal tehnoloogia \u2013 Annab m\u00e4rku sellest, et pann on saavutanud ideaalse temperatuuri ja sellel v\u00f5ib alustada praadimist nii, et see oleks tervislik ja maitsev.<br \/>\nThermo-Signal ring saavutab \u00fchtlase punase v\u00e4rvitooni, kui pann on saavutanud ideaalse praadimise temperatuuri. Uue tehnoloogiaga Thermo-Fusion induktsioonp\u00f5hi, tagab toidu \u00fchtlase k\u00fcpsemise. <\/p>\n<p>KASUTAMINE:<br \/>\nEnne esmast kasutamist pese ja loputa pann sooja pesuveega. Toidu segamiseks kasuta puidust v\u00f5i kuumuskindlast plastikust k\u00f6\u00f6giriistu, et v\u00e4ltida panni pinna kahjustamist. Peale kasutamist laske pannil jahtuda. Peske pann sooja loputusveega. \u00c4rge kasutage abrasiivseid puhastusvahendeid.<\/p>\n<p>OHUTUS:<br \/>\n\u00c4rge j\u00e4tke panni j\u00e4relevalveta kuumaallikale. \u00c4rge j\u00e4tke kuumenenud panni lastele k\u00e4ttesaadavasse kohta.<\/p>\n","protected":false},"excerpt":{"rendered":"<p>Valmistatud vastupidavast valu-alumiiniumist. Sobib kasutamiseks induktsioon, gaasi, elektri \u2013ja keraamilise pliidiga. Pann on kaetud v\u00e4ga kvaliteetse ja vastupidava Mineralia Non-stick nakkumisvastase kattega. Tefal\u00b4i uus Thermo-Signal tehnoloogia \u2013 Annab m\u00e4rku sellest, et pann on saavutanud ideaalse temperatuuri ja sellel v\u00f5ib alustada praadimist nii, et see oleks tervislik ja maitsev. Thermo-Signal ring saavutab \u00fchtlase punase v\u00e4rvitooni, kui<\/p>\n","protected":false},"featured_media":15707,"comment_status":"closed","ping_status":"open","template":"","meta":{"_acf_changed":false},"product_brand":[706],"product_cat":[730],"product_tag":[],"class_list":{"0":"post-18004","1":"product","2":"type-product","3":"status-publish","4":"has-post-thumbnail","6":"product_brand-tefal","7":"product_cat-outlet","8":"pa_kogus-1-tk","9":"pa_paritolumaa-prantsusmaa","10":"pa_uhik-tk","12":"first","13":"instock","14":"sale","15":"taxable","16":"shipping-taxable","17":"purchasable","18":"product-type-simple"},"acf":[],"_links":{"self":[{"href":"https:\/\/ursus.ee\/en\/wp-json\/wp\/v2\/product\/18004","targetHints":{"allow":["GET"]}}],"collection":[{"href":"https:\/\/ursus.ee\/en\/wp-json\/wp\/v2\/product"}],"about":[{"href":"https:\/\/ursus.ee\/en\/wp-json\/wp\/v2\/types\/product"}],"replies":[{"embeddable":true,"href":"https:\/\/ursus.ee\/en\/wp-json\/wp\/v2\/comments?post=18004"}],"wp:featuredmedia":[{"embeddable":true,"href":"https:\/\/ursus.ee\/en\/wp-json\/wp\/v2\/media\/15707"}],"wp:attachment":[{"href":"https:\/\/ursus.ee\/en\/wp-json\/wp\/v2\/media?parent=18004"}],"wp:term":[{"taxonomy":"product_brand","embeddable":true,"href":"https:\/\/ursus.ee\/en\/wp-json\/wp\/v2\/product_brand?post=18004"},{"taxonomy":"product_cat","embeddable":true,"href":"https:\/\/ursus.ee\/en\/wp-json\/wp\/v2\/product_cat?post=18004"},{"taxonomy":"product_tag","embeddable":true,"href":"https:\/\/ursus.ee\/en\/wp-json\/wp\/v2\/product_tag?post=18004"}],"curies":[{"name":"wp","href":"https:\/\/api.w.org\/{rel}","templated":true}]}}