{"id":17993,"date":"2026-04-24T12:18:06","date_gmt":"2026-04-24T09:18:06","guid":{"rendered":"https:\/\/ursus.ee\/toode\/praepann-easy-clean-24cm-2\/"},"modified":"2026-04-24T12:18:06","modified_gmt":"2026-04-24T09:18:06","slug":"praepann-easy-clean-24cm-2","status":"publish","type":"product","link":"https:\/\/ursus.ee\/en\/toode\/praepann-easy-clean-24cm-2\/","title":{"rendered":"Praepann Easy Clean 24cm"},"content":{"rendered":"<p>Tefal Easy Clean pannid on kergesti puhastatavad. Praepann on valmistatud vastupidavast valu-alumiiniumist, panni sise- ja v\u00e4lispind kaetud kvaliteetse ja vastupidava Titanium Non-Stick nakkumisvastase kattega. Panni v\u00e4lispind on vastupidav ja kriimustuskindel, samal ajal kui panni sisemus tagab \u00fchtlase soojusjuhtivuse kogu panni pinnal. Sobib kasutamiseks elektri-, gaasi- ja keraamilisel pliidil. Tefal Easy Clean praepann on varustatud unikaalse Tefal Thermo-Signal tehnoloogiaga \u2013 panni p\u00f5hjal olev indikaator saavutab \u00fchtlase punase v\u00e4rvitooni ja annab m\u00e4rku sellest, et pann on saavutanud ideaalse temperatuuri ja sellel v\u00f5ib alustada praadimist nii, et s\u00e4iliks Sinu toitude parim maitse.<\/p>\n<p>KASUTAMINE:<br \/>\nEnne esmast kasutamist pese ja loputa pann sooja pesuveega. Toidu segamiseks kasuta puidust v\u00f5i kuumuskindlast plastikust k\u00f6\u00f6giriistu, et v\u00e4ltida panni pinna kahjustamist. Peale kasutamist laske pannil jahtuda. Peske pann sooja loputusveega. \u00c4rge kasutage abrasiivseid puhastusvahendeid.<\/p>\n<p>OHUTUS:<br \/>\n\u00c4rge j\u00e4tke panni j\u00e4relevalveta kuumaallikale. \u00c4rge j\u00e4tke kuumenenud panni lastele k\u00e4ttesaadavasse kohta.<\/p>\n","protected":false},"excerpt":{"rendered":"<p>Tefal Easy Clean pannid on kergesti puhastatavad. Praepann on valmistatud vastupidavast valu-alumiiniumist, panni sise- ja v\u00e4lispind kaetud kvaliteetse ja vastupidava Titanium Non-Stick nakkumisvastase kattega. Panni v\u00e4lispind on vastupidav ja kriimustuskindel, samal ajal kui panni sisemus tagab \u00fchtlase soojusjuhtivuse kogu panni pinnal. Sobib kasutamiseks elektri-, gaasi- ja keraamilisel pliidil. Tefal Easy Clean praepann on varustatud unikaalse<\/p>\n","protected":false},"featured_media":15681,"comment_status":"closed","ping_status":"open","template":"","meta":{"_acf_changed":false},"product_brand":[706],"product_cat":[730],"product_tag":[],"class_list":{"0":"post-17993","1":"product","2":"type-product","3":"status-publish","4":"has-post-thumbnail","6":"product_brand-tefal","7":"product_cat-outlet","8":"pa_kogus-1-tk","9":"pa_paritolumaa-prantsusmaa","10":"pa_uhik-tk","12":"first","13":"instock","14":"sale","15":"taxable","16":"shipping-taxable","17":"purchasable","18":"product-type-simple"},"acf":[],"_links":{"self":[{"href":"https:\/\/ursus.ee\/en\/wp-json\/wp\/v2\/product\/17993","targetHints":{"allow":["GET"]}}],"collection":[{"href":"https:\/\/ursus.ee\/en\/wp-json\/wp\/v2\/product"}],"about":[{"href":"https:\/\/ursus.ee\/en\/wp-json\/wp\/v2\/types\/product"}],"replies":[{"embeddable":true,"href":"https:\/\/ursus.ee\/en\/wp-json\/wp\/v2\/comments?post=17993"}],"wp:featuredmedia":[{"embeddable":true,"href":"https:\/\/ursus.ee\/en\/wp-json\/wp\/v2\/media\/15681"}],"wp:attachment":[{"href":"https:\/\/ursus.ee\/en\/wp-json\/wp\/v2\/media?parent=17993"}],"wp:term":[{"taxonomy":"product_brand","embeddable":true,"href":"https:\/\/ursus.ee\/en\/wp-json\/wp\/v2\/product_brand?post=17993"},{"taxonomy":"product_cat","embeddable":true,"href":"https:\/\/ursus.ee\/en\/wp-json\/wp\/v2\/product_cat?post=17993"},{"taxonomy":"product_tag","embeddable":true,"href":"https:\/\/ursus.ee\/en\/wp-json\/wp\/v2\/product_tag?post=17993"}],"curies":[{"name":"wp","href":"https:\/\/api.w.org\/{rel}","templated":true}]}}