{"id":17988,"date":"2026-04-24T12:18:05","date_gmt":"2026-04-24T09:18:05","guid":{"rendered":"https:\/\/ursus.ee\/toode\/praepann-duetto-24cm-2\/"},"modified":"2026-04-24T12:18:05","modified_gmt":"2026-04-24T09:18:05","slug":"praepann-duetto-24cm-2","status":"publish","type":"product","link":"https:\/\/ursus.ee\/en\/toode\/praepann-duetto-24cm-2\/","title":{"rendered":"Praepann Duetto+ 24cm"},"content":{"rendered":"<p>Valmistatud vastupidavast roostevabast terasest. Sobib kasutamiseks induktsioon-, gaasi-, elektri\u2013 ja keraamilise pliidiga.<\/p>\n<p>KASUTAMINE:<br \/>\nEnne esmast kasutamist pese ja loputa praepann sooja pesuveega. Toidu segamiseks kasuta puidust v\u00f5i kuumuskindlast plastikust k\u00f6\u00f6giriistu, et v\u00e4ltida pinna kahjustamist. Peale kasutamist laske pannil jahtuda. Peske sooja loputusveega. \u00c4rge kasutage abrasiivseid puhastusvahendeid.<\/p>\n<p>OHUTUS:<br \/>\nMetallsangad v\u00f5ivad kasutamisel kuumeneda, kasutage p\u00f5letuse v\u00e4ltimiseks ahjukindaid. Klaaskaaned kannatavad kuumust kuni 175\u00b0C. \u00c4rge kasutage panni mikrolaineahjus. \u00c4rge j\u00e4tke praepanni j\u00e4relevalveta kuumaallikale. \u00c4rge j\u00e4tke kuumenenud panni lastele k\u00e4ttesaadavasse kohta.<\/p>\n","protected":false},"excerpt":{"rendered":"<p>Valmistatud vastupidavast roostevabast terasest. Sobib kasutamiseks induktsioon-, gaasi-, elektri\u2013 ja keraamilise pliidiga. KASUTAMINE: Enne esmast kasutamist pese ja loputa praepann sooja pesuveega. Toidu segamiseks kasuta puidust v\u00f5i kuumuskindlast plastikust k\u00f6\u00f6giriistu, et v\u00e4ltida pinna kahjustamist. Peale kasutamist laske pannil jahtuda. Peske sooja loputusveega. \u00c4rge kasutage abrasiivseid puhastusvahendeid. OHUTUS: Metallsangad v\u00f5ivad kasutamisel kuumeneda, kasutage p\u00f5letuse v\u00e4ltimiseks ahjukindaid.<\/p>\n","protected":false},"featured_media":15669,"comment_status":"closed","ping_status":"open","template":"","meta":{"_acf_changed":false},"product_brand":[706],"product_cat":[730],"product_tag":[],"class_list":{"0":"post-17988","1":"product","2":"type-product","3":"status-publish","4":"has-post-thumbnail","6":"product_brand-tefal","7":"product_cat-outlet","8":"pa_kogus-1-tk","9":"pa_paritolumaa-prantsusmaa","10":"pa_uhik-tk","12":"first","13":"instock","14":"sale","15":"taxable","16":"shipping-taxable","17":"purchasable","18":"product-type-simple"},"acf":[],"_links":{"self":[{"href":"https:\/\/ursus.ee\/en\/wp-json\/wp\/v2\/product\/17988","targetHints":{"allow":["GET"]}}],"collection":[{"href":"https:\/\/ursus.ee\/en\/wp-json\/wp\/v2\/product"}],"about":[{"href":"https:\/\/ursus.ee\/en\/wp-json\/wp\/v2\/types\/product"}],"replies":[{"embeddable":true,"href":"https:\/\/ursus.ee\/en\/wp-json\/wp\/v2\/comments?post=17988"}],"wp:featuredmedia":[{"embeddable":true,"href":"https:\/\/ursus.ee\/en\/wp-json\/wp\/v2\/media\/15669"}],"wp:attachment":[{"href":"https:\/\/ursus.ee\/en\/wp-json\/wp\/v2\/media?parent=17988"}],"wp:term":[{"taxonomy":"product_brand","embeddable":true,"href":"https:\/\/ursus.ee\/en\/wp-json\/wp\/v2\/product_brand?post=17988"},{"taxonomy":"product_cat","embeddable":true,"href":"https:\/\/ursus.ee\/en\/wp-json\/wp\/v2\/product_cat?post=17988"},{"taxonomy":"product_tag","embeddable":true,"href":"https:\/\/ursus.ee\/en\/wp-json\/wp\/v2\/product_tag?post=17988"}],"curies":[{"name":"wp","href":"https:\/\/api.w.org\/{rel}","templated":true}]}}