{"id":17987,"date":"2026-04-24T12:18:04","date_gmt":"2026-04-24T09:18:04","guid":{"rendered":"https:\/\/ursus.ee\/toode\/keedupott-kaanega-duetto-18cm-22l-2\/"},"modified":"2026-04-24T12:18:04","modified_gmt":"2026-04-24T09:18:04","slug":"keedupott-kaanega-duetto-18cm-22l-2","status":"publish","type":"product","link":"https:\/\/ursus.ee\/en\/toode\/keedupott-kaanega-duetto-18cm-22l-2\/","title":{"rendered":"Keedupott kaanega Duetto + 18cm, 2,2L"},"content":{"rendered":"<p>Valmistatud vastupidavast roostevabast terasest. Kaanel kurns\u00f5el keeduvee eelmaldamiseks. Sisek\u00fcljel m\u00f5\u00f5teskaala t\u00e4pse koguse j\u00e4lgimiseks. Sobib kasutamiseks induktsioon-, gaasi-, elektri\u2013 ja keraamilise pliidiga.<\/p>\n<p>KASUTAMINE:<br \/>\nEnne esmast kasutamist pese ja loputa keedupott sooja pesuveega. Toidu segamiseks kasuta puidust v\u00f5i kuumuskindlast plastikust k\u00f6\u00f6giriistu, et v\u00e4ltida pinna kahjustamist. Peale kasutamist laske keedupotil jahtuda. Peske pott sooja loputusveega. \u00c4rge kasutage abrasiivseid puhastusvahendeid.<\/p>\n<p>OHUTUS:<br \/>\nMetallsangad v\u00f5ivad kasutamisel kuumeneda, kasutage p\u00f5letuse v\u00e4ltimiseks ahjukindaid. Klaaskaaned kannatavad kuumust kuni 175\u00b0C. \u00c4rge kasutage keedupotte mikrolaineahjus. \u00c4rge j\u00e4tke keedupotti j\u00e4relevalveta kuumaallikale. \u00c4rge j\u00e4tke kuumenenud keedupotti lastele k\u00e4ttesaadavasse kohta.<\/p>\n","protected":false},"excerpt":{"rendered":"<p>Valmistatud vastupidavast roostevabast terasest. Kaanel kurns\u00f5el keeduvee eelmaldamiseks. Sisek\u00fcljel m\u00f5\u00f5teskaala t\u00e4pse koguse j\u00e4lgimiseks. Sobib kasutamiseks induktsioon-, gaasi-, elektri\u2013 ja keraamilise pliidiga. KASUTAMINE: Enne esmast kasutamist pese ja loputa keedupott sooja pesuveega. Toidu segamiseks kasuta puidust v\u00f5i kuumuskindlast plastikust k\u00f6\u00f6giriistu, et v\u00e4ltida pinna kahjustamist. Peale kasutamist laske keedupotil jahtuda. Peske pott sooja loputusveega. \u00c4rge kasutage abrasiivseid<\/p>\n","protected":false},"featured_media":15667,"comment_status":"closed","ping_status":"open","template":"","meta":{"_acf_changed":false},"product_brand":[706],"product_cat":[730],"product_tag":[],"class_list":{"0":"post-17987","1":"product","2":"type-product","3":"status-publish","4":"has-post-thumbnail","6":"product_brand-tefal","7":"product_cat-outlet","8":"pa_kogus-1-tk","9":"pa_paritolumaa-prantsusmaa","10":"pa_uhik-tk","12":"first","13":"instock","14":"sale","15":"taxable","16":"shipping-taxable","17":"purchasable","18":"product-type-simple"},"acf":[],"_links":{"self":[{"href":"https:\/\/ursus.ee\/en\/wp-json\/wp\/v2\/product\/17987","targetHints":{"allow":["GET"]}}],"collection":[{"href":"https:\/\/ursus.ee\/en\/wp-json\/wp\/v2\/product"}],"about":[{"href":"https:\/\/ursus.ee\/en\/wp-json\/wp\/v2\/types\/product"}],"replies":[{"embeddable":true,"href":"https:\/\/ursus.ee\/en\/wp-json\/wp\/v2\/comments?post=17987"}],"wp:featuredmedia":[{"embeddable":true,"href":"https:\/\/ursus.ee\/en\/wp-json\/wp\/v2\/media\/15667"}],"wp:attachment":[{"href":"https:\/\/ursus.ee\/en\/wp-json\/wp\/v2\/media?parent=17987"}],"wp:term":[{"taxonomy":"product_brand","embeddable":true,"href":"https:\/\/ursus.ee\/en\/wp-json\/wp\/v2\/product_brand?post=17987"},{"taxonomy":"product_cat","embeddable":true,"href":"https:\/\/ursus.ee\/en\/wp-json\/wp\/v2\/product_cat?post=17987"},{"taxonomy":"product_tag","embeddable":true,"href":"https:\/\/ursus.ee\/en\/wp-json\/wp\/v2\/product_tag?post=17987"}],"curies":[{"name":"wp","href":"https:\/\/api.w.org\/{rel}","templated":true}]}}