{"id":17985,"date":"2026-04-24T12:18:04","date_gmt":"2026-04-24T09:18:04","guid":{"rendered":"https:\/\/ursus.ee\/toode\/keedupott-daily-cook-12cm-2\/"},"modified":"2026-04-24T12:18:04","modified_gmt":"2026-04-24T09:18:04","slug":"keedupott-daily-cook-12cm-2","status":"publish","type":"product","link":"https:\/\/ursus.ee\/en\/toode\/keedupott-daily-cook-12cm-2\/","title":{"rendered":"Keedupott Daily Cook 12cm"},"content":{"rendered":"<p>Daily Cook k\u00f6\u00f6gitarvikud on mugavad, turvalised, ergonoomilised ja lihtsad kasutada. Valmistatud k\u00f5rgekvaliteedilisest roostevabast terasest, praepann on kaetud v\u00e4ga kvaliteetse ja vastupidava Titanium non-stick nakkumisvastase kattega. Tefal Thermo-Spot tehnoloogia annab m\u00e4rku sellest, et pann on ideaalselt kuumenenud ja sellel v\u00f5ib alustada praadimist nii, et s\u00e4iliks Sinu toitude maitse. Thermo-Spot ring saavutab \u00fchtlase punase v\u00e4rvitooni, kui pann on saavutanud ideaalse praadimise temperatuuri. Mugav ja ergonoomiline k\u00e4epide tagab mugava kasutamise ja turvalisuse. Sobib kasutamiseks k\u00f5ikidel pliidit\u00fc\u00fcpidel, sealhulgas ka induktsioonpliidil. Toode on valmistatud keskkonnas\u00f5bralikult &#8211; taaskasutatud materjalid ning PFOA ja kaadmiumivaba nakkumisvastane kate. <\/p>\n<p>KASUTAMINE:<br \/>\nEnne esmast kasutamist pese ja loputa pott sooja pesuveega. Toidu segamiseks kasuta puidust v\u00f5i kuumuskindlast plastikust k\u00f6\u00f6giriistu, et v\u00e4ltida panni pinna kahjustamist. Peale kasutamist laske pannil jahtuda. Peske potti sooja loputusveega. \u00c4rge kasutage abrasiivseid puhastusvahendeid.<\/p>\n<p>OHUTUS:<br \/>\n\u00c4rge j\u00e4tke potti j\u00e4relevalveta kuumaallikale. \u00c4rge j\u00e4tke kuumenenud potti lastele k\u00e4ttesaadavasse kohta.<\/p>\n","protected":false},"excerpt":{"rendered":"<p>Daily Cook k\u00f6\u00f6gitarvikud on mugavad, turvalised, ergonoomilised ja lihtsad kasutada. Valmistatud k\u00f5rgekvaliteedilisest roostevabast terasest, praepann on kaetud v\u00e4ga kvaliteetse ja vastupidava Titanium non-stick nakkumisvastase kattega. Tefal Thermo-Spot tehnoloogia annab m\u00e4rku sellest, et pann on ideaalselt kuumenenud ja sellel v\u00f5ib alustada praadimist nii, et s\u00e4iliks Sinu toitude maitse. Thermo-Spot ring saavutab \u00fchtlase punase v\u00e4rvitooni, kui pann<\/p>\n","protected":false},"featured_media":15660,"comment_status":"closed","ping_status":"open","template":"","meta":{"_acf_changed":false},"product_brand":[706],"product_cat":[730],"product_tag":[],"class_list":{"0":"post-17985","1":"product","2":"type-product","3":"status-publish","4":"has-post-thumbnail","6":"product_brand-tefal","7":"product_cat-outlet","8":"pa_kogus-1-tk","9":"pa_paritolumaa-prantsusmaa","10":"pa_uhik-tk","12":"first","13":"instock","14":"sale","15":"taxable","16":"shipping-taxable","17":"purchasable","18":"product-type-simple"},"acf":[],"_links":{"self":[{"href":"https:\/\/ursus.ee\/en\/wp-json\/wp\/v2\/product\/17985","targetHints":{"allow":["GET"]}}],"collection":[{"href":"https:\/\/ursus.ee\/en\/wp-json\/wp\/v2\/product"}],"about":[{"href":"https:\/\/ursus.ee\/en\/wp-json\/wp\/v2\/types\/product"}],"replies":[{"embeddable":true,"href":"https:\/\/ursus.ee\/en\/wp-json\/wp\/v2\/comments?post=17985"}],"wp:featuredmedia":[{"embeddable":true,"href":"https:\/\/ursus.ee\/en\/wp-json\/wp\/v2\/media\/15660"}],"wp:attachment":[{"href":"https:\/\/ursus.ee\/en\/wp-json\/wp\/v2\/media?parent=17985"}],"wp:term":[{"taxonomy":"product_brand","embeddable":true,"href":"https:\/\/ursus.ee\/en\/wp-json\/wp\/v2\/product_brand?post=17985"},{"taxonomy":"product_cat","embeddable":true,"href":"https:\/\/ursus.ee\/en\/wp-json\/wp\/v2\/product_cat?post=17985"},{"taxonomy":"product_tag","embeddable":true,"href":"https:\/\/ursus.ee\/en\/wp-json\/wp\/v2\/product_tag?post=17985"}],"curies":[{"name":"wp","href":"https:\/\/api.w.org\/{rel}","templated":true}]}}