{"id":17978,"date":"2026-04-27T10:46:04","date_gmt":"2026-04-27T07:46:04","guid":{"rendered":"https:\/\/ursus.ee\/toode\/jahu-ja-tuhksuhkrusoel-patisserie-2\/"},"modified":"2026-04-27T10:46:04","modified_gmt":"2026-04-27T07:46:04","slug":"jahu-ja-tuhksuhkrusoel-patisserie-2","status":"publish","type":"product","link":"https:\/\/ursus.ee\/en\/toode\/jahu-ja-tuhksuhkrusoel-patisserie-2\/","title":{"rendered":"Jahu- ja tuhksuhkrus\u00f5el P\u00e2tisserie"},"content":{"rendered":"<p>Eriti peene s\u00f5el sobib nii jahu kui tuhksuhkru \u00fchtlaseks puistamiseks. S\u00f5elutud jahu annab k\u00fcpsetisele erilise kohevuse. Kasutatav \u00fche k\u00e4ega. Kvaliteetse tinakattega. Mahutab 350g jahu. V\u00e4lispinnal on m\u00f5\u00f5teskaala t\u00e4psemaks m\u00f5\u00f5tmiseks. Mitte pesta n\u00f5udepesumasinas. Valmistatud Saksamaal.<\/p>\n","protected":false},"excerpt":{"rendered":"<p>Eriti peene s\u00f5el sobib nii jahu kui tuhksuhkru \u00fchtlaseks puistamiseks. S\u00f5elutud jahu annab k\u00fcpsetisele erilise kohevuse. Kasutatav \u00fche k\u00e4ega. Kvaliteetse tinakattega. Mahutab 350g jahu. V\u00e4lispinnal on m\u00f5\u00f5teskaala t\u00e4psemaks m\u00f5\u00f5tmiseks. Mitte pesta n\u00f5udepesumasinas. Valmistatud Saksamaal.<\/p>\n","protected":false},"featured_media":15644,"comment_status":"closed","ping_status":"open","template":"","meta":{"_acf_changed":false},"product_brand":[705],"product_cat":[730],"product_tag":[],"class_list":{"0":"post-17978","1":"product","2":"type-product","3":"status-publish","4":"has-post-thumbnail","6":"product_brand-kaiser","7":"product_cat-outlet","8":"pa_kogus-1-tk","9":"pa_paritolumaa-saksamaa","10":"pa_uhik-tk","12":"first","13":"instock","14":"sale","15":"taxable","16":"shipping-taxable","17":"purchasable","18":"product-type-simple"},"acf":[],"_links":{"self":[{"href":"https:\/\/ursus.ee\/en\/wp-json\/wp\/v2\/product\/17978","targetHints":{"allow":["GET"]}}],"collection":[{"href":"https:\/\/ursus.ee\/en\/wp-json\/wp\/v2\/product"}],"about":[{"href":"https:\/\/ursus.ee\/en\/wp-json\/wp\/v2\/types\/product"}],"replies":[{"embeddable":true,"href":"https:\/\/ursus.ee\/en\/wp-json\/wp\/v2\/comments?post=17978"}],"wp:featuredmedia":[{"embeddable":true,"href":"https:\/\/ursus.ee\/en\/wp-json\/wp\/v2\/media\/15644"}],"wp:attachment":[{"href":"https:\/\/ursus.ee\/en\/wp-json\/wp\/v2\/media?parent=17978"}],"wp:term":[{"taxonomy":"product_brand","embeddable":true,"href":"https:\/\/ursus.ee\/en\/wp-json\/wp\/v2\/product_brand?post=17978"},{"taxonomy":"product_cat","embeddable":true,"href":"https:\/\/ursus.ee\/en\/wp-json\/wp\/v2\/product_cat?post=17978"},{"taxonomy":"product_tag","embeddable":true,"href":"https:\/\/ursus.ee\/en\/wp-json\/wp\/v2\/product_tag?post=17978"}],"curies":[{"name":"wp","href":"https:\/\/api.w.org\/{rel}","templated":true}]}}