{"id":17976,"date":"2026-04-27T10:46:05","date_gmt":"2026-04-27T07:46:05","guid":{"rendered":"https:\/\/ursus.ee\/toode\/leivavorm-25cm-classic-2\/"},"modified":"2026-04-27T10:46:05","modified_gmt":"2026-04-27T07:46:05","slug":"leivavorm-25cm-classic-2","status":"publish","type":"product","link":"https:\/\/ursus.ee\/en\/toode\/leivavorm-25cm-classic-2\/","title":{"rendered":"Leivavorm 25cm Classic"},"content":{"rendered":"<p>Klassikaline, k\u00f5rge kvaliteediga Saksa p\u00e4ritoluga leivavorm. Vormi pind on mittenakkuva kattega, kuid pikemal k\u00fcpsetamisel v\u00f5imalusel kasutada k\u00fcpsetuspaberit. T\u00e4nu spetsiaalselt valitud materjalile on suurep\u00e4rase soojusjuhtivusega ning koogid k\u00fcpsevad ja pruunistuvad \u00fchtlaselt. Maksimaalne k\u00fcpsetamistemperatuur +230\u00b0C.<\/p>\n","protected":false},"excerpt":{"rendered":"<p>Klassikaline, k\u00f5rge kvaliteediga Saksa p\u00e4ritoluga leivavorm. Vormi pind on mittenakkuva kattega, kuid pikemal k\u00fcpsetamisel v\u00f5imalusel kasutada k\u00fcpsetuspaberit. T\u00e4nu spetsiaalselt valitud materjalile on suurep\u00e4rase soojusjuhtivusega ning koogid k\u00fcpsevad ja pruunistuvad \u00fchtlaselt. Maksimaalne k\u00fcpsetamistemperatuur +230\u00b0C.<\/p>\n","protected":false},"featured_media":15640,"comment_status":"closed","ping_status":"open","template":"","meta":{"_acf_changed":false},"product_brand":[705],"product_cat":[730],"product_tag":[],"class_list":{"0":"post-17976","1":"product","2":"type-product","3":"status-publish","4":"has-post-thumbnail","6":"product_brand-kaiser","7":"product_cat-outlet","8":"pa_kogus-1-tk","9":"pa_paritolumaa-saksamaa","10":"pa_uhik-tk","12":"first","13":"instock","14":"sale","15":"taxable","16":"shipping-taxable","17":"purchasable","18":"product-type-simple"},"acf":[],"_links":{"self":[{"href":"https:\/\/ursus.ee\/en\/wp-json\/wp\/v2\/product\/17976","targetHints":{"allow":["GET"]}}],"collection":[{"href":"https:\/\/ursus.ee\/en\/wp-json\/wp\/v2\/product"}],"about":[{"href":"https:\/\/ursus.ee\/en\/wp-json\/wp\/v2\/types\/product"}],"replies":[{"embeddable":true,"href":"https:\/\/ursus.ee\/en\/wp-json\/wp\/v2\/comments?post=17976"}],"wp:featuredmedia":[{"embeddable":true,"href":"https:\/\/ursus.ee\/en\/wp-json\/wp\/v2\/media\/15640"}],"wp:attachment":[{"href":"https:\/\/ursus.ee\/en\/wp-json\/wp\/v2\/media?parent=17976"}],"wp:term":[{"taxonomy":"product_brand","embeddable":true,"href":"https:\/\/ursus.ee\/en\/wp-json\/wp\/v2\/product_brand?post=17976"},{"taxonomy":"product_cat","embeddable":true,"href":"https:\/\/ursus.ee\/en\/wp-json\/wp\/v2\/product_cat?post=17976"},{"taxonomy":"product_tag","embeddable":true,"href":"https:\/\/ursus.ee\/en\/wp-json\/wp\/v2\/product_tag?post=17976"}],"curies":[{"name":"wp","href":"https:\/\/api.w.org\/{rel}","templated":true}]}}