{"id":17975,"date":"2026-04-27T10:46:05","date_gmt":"2026-04-27T07:46:05","guid":{"rendered":"https:\/\/ursus.ee\/toode\/leiva-ja-keeksivorm-gourmet-30cm-2\/"},"modified":"2026-04-27T10:46:05","modified_gmt":"2026-04-27T07:46:05","slug":"leiva-ja-keeksivorm-gourmet-30cm-2","status":"publish","type":"product","link":"https:\/\/ursus.ee\/en\/toode\/leiva-ja-keeksivorm-gourmet-30cm-2\/","title":{"rendered":"Leiva- ja keeksivorm Gourmet 30cm"},"content":{"rendered":"<p>Vastupidav, kvaliteetne. Seest ja v\u00e4ljast kaetud tugeva mittenakkuva kattega. K\u00fcpsetis ei j\u00e4\u00e4 vormi k\u00fclge kinni. Maksimaalne k\u00fcpsetamise temperatuur +230 \u00b0C. Toodetud Saksamaal. Vormi m\u00f5\u00f5dud 31cm x 11,5cm x 7,5cm. Ei sobi n\u00f5udepesumasinas kasutamiseks! Mitte kasutada teravaid l\u00f5ikevahendeid.<\/p>\n","protected":false},"excerpt":{"rendered":"<p>Vastupidav, kvaliteetne. Seest ja v\u00e4ljast kaetud tugeva mittenakkuva kattega. K\u00fcpsetis ei j\u00e4\u00e4 vormi k\u00fclge kinni. Maksimaalne k\u00fcpsetamise temperatuur +230 \u00b0C. Toodetud Saksamaal. Vormi m\u00f5\u00f5dud 31cm x 11,5cm x 7,5cm. Ei sobi n\u00f5udepesumasinas kasutamiseks! Mitte kasutada teravaid l\u00f5ikevahendeid.<\/p>\n","protected":false},"featured_media":15638,"comment_status":"closed","ping_status":"open","template":"","meta":{"_acf_changed":false},"product_brand":[705],"product_cat":[730],"product_tag":[],"class_list":{"0":"post-17975","1":"product","2":"type-product","3":"status-publish","4":"has-post-thumbnail","6":"product_brand-kaiser","7":"product_cat-outlet","8":"pa_kogus-1-tk","9":"pa_paritolumaa-saksamaa","10":"pa_uhik-tk","12":"first","13":"instock","14":"sale","15":"taxable","16":"shipping-taxable","17":"purchasable","18":"product-type-simple"},"acf":[],"_links":{"self":[{"href":"https:\/\/ursus.ee\/en\/wp-json\/wp\/v2\/product\/17975","targetHints":{"allow":["GET"]}}],"collection":[{"href":"https:\/\/ursus.ee\/en\/wp-json\/wp\/v2\/product"}],"about":[{"href":"https:\/\/ursus.ee\/en\/wp-json\/wp\/v2\/types\/product"}],"replies":[{"embeddable":true,"href":"https:\/\/ursus.ee\/en\/wp-json\/wp\/v2\/comments?post=17975"}],"wp:featuredmedia":[{"embeddable":true,"href":"https:\/\/ursus.ee\/en\/wp-json\/wp\/v2\/media\/15638"}],"wp:attachment":[{"href":"https:\/\/ursus.ee\/en\/wp-json\/wp\/v2\/media?parent=17975"}],"wp:term":[{"taxonomy":"product_brand","embeddable":true,"href":"https:\/\/ursus.ee\/en\/wp-json\/wp\/v2\/product_brand?post=17975"},{"taxonomy":"product_cat","embeddable":true,"href":"https:\/\/ursus.ee\/en\/wp-json\/wp\/v2\/product_cat?post=17975"},{"taxonomy":"product_tag","embeddable":true,"href":"https:\/\/ursus.ee\/en\/wp-json\/wp\/v2\/product_tag?post=17975"}],"curies":[{"name":"wp","href":"https:\/\/api.w.org\/{rel}","templated":true}]}}