{"id":17974,"date":"2026-04-27T10:46:05","date_gmt":"2026-04-27T07:46:05","guid":{"rendered":"https:\/\/ursus.ee\/toode\/koogivorm-suda-25x26cm-2\/"},"modified":"2026-04-27T10:46:05","modified_gmt":"2026-04-27T07:46:05","slug":"koogivorm-suda-25x26cm-2","status":"publish","type":"product","link":"https:\/\/ursus.ee\/en\/toode\/koogivorm-suda-25x26cm-2\/","title":{"rendered":"Koogivorm S\u00fcda 25x26cm"},"content":{"rendered":"<p>K\u00fcpsetuspanniga saab kerge vaevaga valmistada kooke ja pirukaid. Optimaalse tulemuse saavutamiseks on vormil kleepumiskindel kate, kuid soovitame siiski kasutada ka k\u00fcpsetuspaberit. Vorm on lekkekindel ja kergesti puhastatav. T\u00e4nu spetsiaalselt valitud materjalile on suurep\u00e4rase soojusjuhtivusega ning koogid k\u00fcpsevad ja pruunistuvad \u00fchtlaselt.<br \/>\nMaksimaalne k\u00fcpsetamistemperatuur +230\u00b0C. Mitte pesta n\u00f5udepesumasinas!<\/p>\n","protected":false},"excerpt":{"rendered":"<p>K\u00fcpsetuspanniga saab kerge vaevaga valmistada kooke ja pirukaid. Optimaalse tulemuse saavutamiseks on vormil kleepumiskindel kate, kuid soovitame siiski kasutada ka k\u00fcpsetuspaberit. Vorm on lekkekindel ja kergesti puhastatav. T\u00e4nu spetsiaalselt valitud materjalile on suurep\u00e4rase soojusjuhtivusega ning koogid k\u00fcpsevad ja pruunistuvad \u00fchtlaselt. Maksimaalne k\u00fcpsetamistemperatuur +230\u00b0C. Mitte pesta n\u00f5udepesumasinas!<\/p>\n","protected":false},"featured_media":15635,"comment_status":"closed","ping_status":"open","template":"","meta":{"_acf_changed":false},"product_brand":[705],"product_cat":[730],"product_tag":[],"class_list":{"0":"post-17974","1":"product","2":"type-product","3":"status-publish","4":"has-post-thumbnail","6":"product_brand-kaiser","7":"product_cat-outlet","8":"pa_kogus-1-tk","9":"pa_paritolumaa-saksamaa","10":"pa_uhik-tk","12":"first","13":"instock","14":"sale","15":"taxable","16":"shipping-taxable","17":"purchasable","18":"product-type-simple"},"acf":[],"_links":{"self":[{"href":"https:\/\/ursus.ee\/en\/wp-json\/wp\/v2\/product\/17974","targetHints":{"allow":["GET"]}}],"collection":[{"href":"https:\/\/ursus.ee\/en\/wp-json\/wp\/v2\/product"}],"about":[{"href":"https:\/\/ursus.ee\/en\/wp-json\/wp\/v2\/types\/product"}],"replies":[{"embeddable":true,"href":"https:\/\/ursus.ee\/en\/wp-json\/wp\/v2\/comments?post=17974"}],"wp:featuredmedia":[{"embeddable":true,"href":"https:\/\/ursus.ee\/en\/wp-json\/wp\/v2\/media\/15635"}],"wp:attachment":[{"href":"https:\/\/ursus.ee\/en\/wp-json\/wp\/v2\/media?parent=17974"}],"wp:term":[{"taxonomy":"product_brand","embeddable":true,"href":"https:\/\/ursus.ee\/en\/wp-json\/wp\/v2\/product_brand?post=17974"},{"taxonomy":"product_cat","embeddable":true,"href":"https:\/\/ursus.ee\/en\/wp-json\/wp\/v2\/product_cat?post=17974"},{"taxonomy":"product_tag","embeddable":true,"href":"https:\/\/ursus.ee\/en\/wp-json\/wp\/v2\/product_tag?post=17974"}],"curies":[{"name":"wp","href":"https:\/\/api.w.org\/{rel}","templated":true}]}}