{"id":17971,"date":"2026-04-27T10:46:04","date_gmt":"2026-04-27T07:46:04","guid":{"rendered":"https:\/\/ursus.ee\/toode\/koogivorm-24cm-classic-2\/"},"modified":"2026-04-27T10:46:04","modified_gmt":"2026-04-27T07:46:04","slug":"koogivorm-24cm-classic-2","status":"publish","type":"product","link":"https:\/\/ursus.ee\/en\/toode\/koogivorm-24cm-classic-2\/","title":{"rendered":"Koogivorm 24cm Classic"},"content":{"rendered":"<p>Klassikaline, k\u00f5rge kvaliteediga Saksa p\u00e4ritoluga koogivorm. Vormi pind on mittenakkuva kattega, kuid pikemal k\u00fcpsetamisel on vajalik kasutada k\u00fcpsetuspaberit. T\u00e4nu spetsiaalselt valitud materjalile on suurep\u00e4rase soojusjuhtivusega ning koogid k\u00fcpsevad ja pruunistuvad \u00fchtlaselt. Vorm on lekkekindel. Maksimaalne k\u00fcpsetamistemperatuur +230\u00b0C.<\/p>\n","protected":false},"excerpt":{"rendered":"<p>Klassikaline, k\u00f5rge kvaliteediga Saksa p\u00e4ritoluga koogivorm. Vormi pind on mittenakkuva kattega, kuid pikemal k\u00fcpsetamisel on vajalik kasutada k\u00fcpsetuspaberit. T\u00e4nu spetsiaalselt valitud materjalile on suurep\u00e4rase soojusjuhtivusega ning koogid k\u00fcpsevad ja pruunistuvad \u00fchtlaselt. Vorm on lekkekindel. Maksimaalne k\u00fcpsetamistemperatuur +230\u00b0C.<\/p>\n","protected":false},"featured_media":15629,"comment_status":"closed","ping_status":"open","template":"","meta":{"_acf_changed":false},"product_brand":[705],"product_cat":[730],"product_tag":[],"class_list":{"0":"post-17971","1":"product","2":"type-product","3":"status-publish","4":"has-post-thumbnail","6":"product_brand-kaiser","7":"product_cat-outlet","8":"pa_kogus-1-tk","9":"pa_paritolumaa-saksamaa","10":"pa_uhik-tk","12":"first","13":"instock","14":"sale","15":"taxable","16":"shipping-taxable","17":"purchasable","18":"product-type-simple"},"acf":[],"_links":{"self":[{"href":"https:\/\/ursus.ee\/en\/wp-json\/wp\/v2\/product\/17971","targetHints":{"allow":["GET"]}}],"collection":[{"href":"https:\/\/ursus.ee\/en\/wp-json\/wp\/v2\/product"}],"about":[{"href":"https:\/\/ursus.ee\/en\/wp-json\/wp\/v2\/types\/product"}],"replies":[{"embeddable":true,"href":"https:\/\/ursus.ee\/en\/wp-json\/wp\/v2\/comments?post=17971"}],"wp:featuredmedia":[{"embeddable":true,"href":"https:\/\/ursus.ee\/en\/wp-json\/wp\/v2\/media\/15629"}],"wp:attachment":[{"href":"https:\/\/ursus.ee\/en\/wp-json\/wp\/v2\/media?parent=17971"}],"wp:term":[{"taxonomy":"product_brand","embeddable":true,"href":"https:\/\/ursus.ee\/en\/wp-json\/wp\/v2\/product_brand?post=17971"},{"taxonomy":"product_cat","embeddable":true,"href":"https:\/\/ursus.ee\/en\/wp-json\/wp\/v2\/product_cat?post=17971"},{"taxonomy":"product_tag","embeddable":true,"href":"https:\/\/ursus.ee\/en\/wp-json\/wp\/v2\/product_tag?post=17971"}],"curies":[{"name":"wp","href":"https:\/\/api.w.org\/{rel}","templated":true}]}}