{"id":17967,"date":"2026-04-27T10:46:04","date_gmt":"2026-04-27T07:46:04","guid":{"rendered":"https:\/\/ursus.ee\/toode\/ahjupann-delicious-29x23x4cm\/"},"modified":"2026-04-27T10:46:04","modified_gmt":"2026-04-27T07:46:04","slug":"ahjupann-delicious-29x23x4cm","status":"publish","type":"product","link":"https:\/\/ursus.ee\/en\/toode\/ahjupann-delicious-29x23x4cm\/","title":{"rendered":"Ahjupann Delicious 29x23x4cm"},"content":{"rendered":"<p>Vastupidav, kvaliteetne ahjuvorm. Seest ja v\u00e4ljast kaetud tugeva mittenakkuva kattega. K\u00fcpsetis ei j\u00e4\u00e4 vormi k\u00fclge kinni. Ei tohi pesta n\u00f5udepesumasinas. Ei tohi kasutada teravaid l\u00f5ikevahendeid. Toodetud Saksamaal<\/p>\n","protected":false},"excerpt":{"rendered":"<p>Vastupidav, kvaliteetne ahjuvorm. Seest ja v\u00e4ljast kaetud tugeva mittenakkuva kattega. K\u00fcpsetis ei j\u00e4\u00e4 vormi k\u00fclge kinni. Ei tohi pesta n\u00f5udepesumasinas. Ei tohi kasutada teravaid l\u00f5ikevahendeid. Toodetud Saksamaal<\/p>\n","protected":false},"featured_media":15625,"comment_status":"closed","ping_status":"open","template":"","meta":{"_acf_changed":false},"product_brand":[705],"product_cat":[730],"product_tag":[],"class_list":{"0":"post-17967","1":"product","2":"type-product","3":"status-publish","4":"has-post-thumbnail","6":"product_brand-kaiser","7":"product_cat-outlet","8":"pa_kogus-1-tk","9":"pa_paritolumaa-saksamaa","10":"pa_uhik-tk","12":"first","13":"instock","14":"sale","15":"taxable","16":"shipping-taxable","17":"purchasable","18":"product-type-simple"},"acf":[],"_links":{"self":[{"href":"https:\/\/ursus.ee\/en\/wp-json\/wp\/v2\/product\/17967","targetHints":{"allow":["GET"]}}],"collection":[{"href":"https:\/\/ursus.ee\/en\/wp-json\/wp\/v2\/product"}],"about":[{"href":"https:\/\/ursus.ee\/en\/wp-json\/wp\/v2\/types\/product"}],"replies":[{"embeddable":true,"href":"https:\/\/ursus.ee\/en\/wp-json\/wp\/v2\/comments?post=17967"}],"wp:featuredmedia":[{"embeddable":true,"href":"https:\/\/ursus.ee\/en\/wp-json\/wp\/v2\/media\/15625"}],"wp:attachment":[{"href":"https:\/\/ursus.ee\/en\/wp-json\/wp\/v2\/media?parent=17967"}],"wp:term":[{"taxonomy":"product_brand","embeddable":true,"href":"https:\/\/ursus.ee\/en\/wp-json\/wp\/v2\/product_brand?post=17967"},{"taxonomy":"product_cat","embeddable":true,"href":"https:\/\/ursus.ee\/en\/wp-json\/wp\/v2\/product_cat?post=17967"},{"taxonomy":"product_tag","embeddable":true,"href":"https:\/\/ursus.ee\/en\/wp-json\/wp\/v2\/product_tag?post=17967"}],"curies":[{"name":"wp","href":"https:\/\/api.w.org\/{rel}","templated":true}]}}