{"id":17965,"date":"2026-04-24T12:02:31","date_gmt":"2026-04-24T09:02:31","guid":{"rendered":"https:\/\/ursus.ee\/toode\/veepudel-zoo-lovi-425ml-2\/"},"modified":"2026-04-24T12:02:31","modified_gmt":"2026-04-24T09:02:31","slug":"veepudel-zoo-lovi-425ml-2","status":"publish","type":"product","link":"https:\/\/ursus.ee\/en\/toode\/veepudel-zoo-lovi-425ml-2\/","title":{"rendered":"Veepudel Zoo L\u00f5vi 425ml"},"content":{"rendered":"<p>Kaasaskantav originaalne, armas ja m\u00e4nguline veepudel lastele. Pehme silikoonist k\u00e4eava. Roostevabast terasest kahe seinaga ning Thermavac \u2122 vaakumisolatsiooniga pudel hoiab joogi k\u00fclmana v\u00e4hemalt 2 tunni v\u00e4ltel. BPA-vaba. Veepudelil on lai joogiava, millest on lihtne ja mugav juua ning kerge puhastada.<\/p>\n","protected":false},"excerpt":{"rendered":"<p>Kaasaskantav originaalne, armas ja m\u00e4nguline veepudel lastele. Pehme silikoonist k\u00e4eava. Roostevabast terasest kahe seinaga ning Thermavac \u2122 vaakumisolatsiooniga pudel hoiab joogi k\u00fclmana v\u00e4hemalt 2 tunni v\u00e4ltel. BPA-vaba. Veepudelil on lai joogiava, millest on lihtne ja mugav juua ning kerge puhastada.<\/p>\n","protected":false},"featured_media":15619,"comment_status":"closed","ping_status":"open","template":"","meta":{"_acf_changed":false},"product_brand":[704],"product_cat":[730],"product_tag":[],"class_list":{"0":"post-17965","1":"product","2":"type-product","3":"status-publish","4":"has-post-thumbnail","6":"product_brand-aladdin","7":"product_cat-outlet","8":"pa_kogus-1-tk","9":"pa_koostis-roostevaba-teras","10":"pa_paritolumaa-usa","11":"pa_uhik-tk","13":"first","14":"instock","15":"sale","16":"taxable","17":"shipping-taxable","18":"purchasable","19":"product-type-simple"},"acf":[],"_links":{"self":[{"href":"https:\/\/ursus.ee\/en\/wp-json\/wp\/v2\/product\/17965","targetHints":{"allow":["GET"]}}],"collection":[{"href":"https:\/\/ursus.ee\/en\/wp-json\/wp\/v2\/product"}],"about":[{"href":"https:\/\/ursus.ee\/en\/wp-json\/wp\/v2\/types\/product"}],"replies":[{"embeddable":true,"href":"https:\/\/ursus.ee\/en\/wp-json\/wp\/v2\/comments?post=17965"}],"wp:featuredmedia":[{"embeddable":true,"href":"https:\/\/ursus.ee\/en\/wp-json\/wp\/v2\/media\/15619"}],"wp:attachment":[{"href":"https:\/\/ursus.ee\/en\/wp-json\/wp\/v2\/media?parent=17965"}],"wp:term":[{"taxonomy":"product_brand","embeddable":true,"href":"https:\/\/ursus.ee\/en\/wp-json\/wp\/v2\/product_brand?post=17965"},{"taxonomy":"product_cat","embeddable":true,"href":"https:\/\/ursus.ee\/en\/wp-json\/wp\/v2\/product_cat?post=17965"},{"taxonomy":"product_tag","embeddable":true,"href":"https:\/\/ursus.ee\/en\/wp-json\/wp\/v2\/product_tag?post=17965"}],"curies":[{"name":"wp","href":"https:\/\/api.w.org\/{rel}","templated":true}]}}