{"id":17963,"date":"2026-04-24T10:35:25","date_gmt":"2026-04-24T07:35:25","guid":{"rendered":"https:\/\/ursus.ee\/toode\/toidutermos-bistro-400ml-tumepunane-2\/"},"modified":"2026-04-24T10:35:25","modified_gmt":"2026-04-24T07:35:25","slug":"toidutermos-bistro-400ml-tumepunane-2","status":"publish","type":"product","link":"https:\/\/ursus.ee\/en\/toode\/toidutermos-bistro-400ml-tumepunane-2\/","title":{"rendered":"Toidutermos Bistro 400ml tumepunane"},"content":{"rendered":"<p>Aladdin Bistro Thermavac \u2122 roostevabast terasest toidutermos hoiab kuuma v\u00f5i k\u00fclma 5,5 tundi. Termosel on kahekordse seinaga vaakumisolatsioon. Termos on lekkekindel. Teda v\u00f5ib pesta n\u00f5udepesumasinas ning on BPA-vaba.<\/p>\n","protected":false},"excerpt":{"rendered":"<p>Aladdin Bistro Thermavac \u2122 roostevabast terasest toidutermos hoiab kuuma v\u00f5i k\u00fclma 5,5 tundi. Termosel on kahekordse seinaga vaakumisolatsioon. Termos on lekkekindel. Teda v\u00f5ib pesta n\u00f5udepesumasinas ning on BPA-vaba.<\/p>\n","protected":false},"featured_media":15614,"comment_status":"closed","ping_status":"open","template":"","meta":{"_acf_changed":false},"product_brand":[704],"product_cat":[730],"product_tag":[],"class_list":{"0":"post-17963","1":"product","2":"type-product","3":"status-publish","4":"has-post-thumbnail","6":"product_brand-aladdin","7":"product_cat-outlet","8":"pa_kogus-1-tk","9":"pa_paritolumaa-usa","10":"pa_uhik-tk","12":"first","13":"instock","14":"sale","15":"taxable","16":"shipping-taxable","17":"purchasable","18":"product-type-simple"},"acf":[],"_links":{"self":[{"href":"https:\/\/ursus.ee\/en\/wp-json\/wp\/v2\/product\/17963","targetHints":{"allow":["GET"]}}],"collection":[{"href":"https:\/\/ursus.ee\/en\/wp-json\/wp\/v2\/product"}],"about":[{"href":"https:\/\/ursus.ee\/en\/wp-json\/wp\/v2\/types\/product"}],"replies":[{"embeddable":true,"href":"https:\/\/ursus.ee\/en\/wp-json\/wp\/v2\/comments?post=17963"}],"wp:featuredmedia":[{"embeddable":true,"href":"https:\/\/ursus.ee\/en\/wp-json\/wp\/v2\/media\/15614"}],"wp:attachment":[{"href":"https:\/\/ursus.ee\/en\/wp-json\/wp\/v2\/media?parent=17963"}],"wp:term":[{"taxonomy":"product_brand","embeddable":true,"href":"https:\/\/ursus.ee\/en\/wp-json\/wp\/v2\/product_brand?post=17963"},{"taxonomy":"product_cat","embeddable":true,"href":"https:\/\/ursus.ee\/en\/wp-json\/wp\/v2\/product_cat?post=17963"},{"taxonomy":"product_tag","embeddable":true,"href":"https:\/\/ursus.ee\/en\/wp-json\/wp\/v2\/product_tag?post=17963"}],"curies":[{"name":"wp","href":"https:\/\/api.w.org\/{rel}","templated":true}]}}