{"id":17962,"date":"2026-04-24T10:35:25","date_gmt":"2026-04-24T07:35:25","guid":{"rendered":"https:\/\/ursus.ee\/toode\/toidutermos-bistro-400ml-hall-2\/"},"modified":"2026-04-24T10:35:25","modified_gmt":"2026-04-24T07:35:25","slug":"toidutermos-bistro-400ml-hall-2","status":"publish","type":"product","link":"https:\/\/ursus.ee\/en\/toode\/toidutermos-bistro-400ml-hall-2\/","title":{"rendered":"Toidutermos Bistro 400ml hall"},"content":{"rendered":"<p>Aladdin Bistro Thermavac \u2122 roostevabast terasest toidutermos hoiab kuuma v\u00f5i k\u00fclma 5,5 tundi. Termosel on kahekordse seinaga vaakumisolatsioon. Termos on lekkekindel. Teda v\u00f5ib pesta n\u00f5udepesumasinas ning on BPA-vaba.<\/p>\n<p>KASUTAMINE:<br \/>\nPeske termost sooja vee ja \u00f5rna pesuvahendiga. Valage termosesse pesuvahendit, sooja vett ja laske viis minutit seista. Seej\u00e4rel t\u00fchjendage termos ja loputage see. Pesemiseks kasutage pehmet, niisutatud lappi v\u00f5i k\u00e4sna ja p\u00e4rast pesu kuivatage. Kui termos muutub m\u00f5ne aja p\u00e4rast seest pruuniks, saab plekke eemaldada kahe tl s\u00f6\u00f6gisooda ja sooja vee lahusega. T\u00e4itke termos selle lahusega ja j\u00e4tke see tunniks ajaks avatuna seisma, seej\u00e4rel loputage. Leotage raskeid plekke \u00fcle \u00f6\u00f6 (termose kork keerake kinni nii, et sisse j\u00e4\u00e4ks ka \u00f5hku). \u00c4rge kasutage kloori sisaldavaid valgendeid v\u00f5i puhastusvahendeid.<\/p>\n<p>OHUTUS:<br \/>\n\u00c4rge pange termost mikrolaineahju! \u00c4rge peske termost n\u00f5udepesumasinas!<\/p>\n","protected":false},"excerpt":{"rendered":"<p>Aladdin Bistro Thermavac \u2122 roostevabast terasest toidutermos hoiab kuuma v\u00f5i k\u00fclma 5,5 tundi. Termosel on kahekordse seinaga vaakumisolatsioon. Termos on lekkekindel. Teda v\u00f5ib pesta n\u00f5udepesumasinas ning on BPA-vaba. KASUTAMINE: Peske termost sooja vee ja \u00f5rna pesuvahendiga. Valage termosesse pesuvahendit, sooja vett ja laske viis minutit seista. Seej\u00e4rel t\u00fchjendage termos ja loputage see. Pesemiseks kasutage pehmet,<\/p>\n","protected":false},"featured_media":15612,"comment_status":"closed","ping_status":"open","template":"","meta":{"_acf_changed":false},"product_brand":[704],"product_cat":[730],"product_tag":[],"class_list":{"0":"post-17962","1":"product","2":"type-product","3":"status-publish","4":"has-post-thumbnail","6":"product_brand-aladdin","7":"product_cat-outlet","8":"pa_kogus-1-tk","9":"pa_paritolumaa-usa","10":"pa_uhik-tk","12":"first","13":"instock","14":"sale","15":"taxable","16":"shipping-taxable","17":"purchasable","18":"product-type-simple"},"acf":[],"_links":{"self":[{"href":"https:\/\/ursus.ee\/en\/wp-json\/wp\/v2\/product\/17962","targetHints":{"allow":["GET"]}}],"collection":[{"href":"https:\/\/ursus.ee\/en\/wp-json\/wp\/v2\/product"}],"about":[{"href":"https:\/\/ursus.ee\/en\/wp-json\/wp\/v2\/types\/product"}],"replies":[{"embeddable":true,"href":"https:\/\/ursus.ee\/en\/wp-json\/wp\/v2\/comments?post=17962"}],"wp:featuredmedia":[{"embeddable":true,"href":"https:\/\/ursus.ee\/en\/wp-json\/wp\/v2\/media\/15612"}],"wp:attachment":[{"href":"https:\/\/ursus.ee\/en\/wp-json\/wp\/v2\/media?parent=17962"}],"wp:term":[{"taxonomy":"product_brand","embeddable":true,"href":"https:\/\/ursus.ee\/en\/wp-json\/wp\/v2\/product_brand?post=17962"},{"taxonomy":"product_cat","embeddable":true,"href":"https:\/\/ursus.ee\/en\/wp-json\/wp\/v2\/product_cat?post=17962"},{"taxonomy":"product_tag","embeddable":true,"href":"https:\/\/ursus.ee\/en\/wp-json\/wp\/v2\/product_tag?post=17962"}],"curies":[{"name":"wp","href":"https:\/\/api.w.org\/{rel}","templated":true}]}}