{"id":17949,"date":"2026-04-24T10:17:09","date_gmt":"2026-04-24T07:17:09","guid":{"rendered":"https:\/\/ursus.ee\/toode\/termotops-java-470ml-lilla-2\/"},"modified":"2026-04-24T10:17:09","modified_gmt":"2026-04-24T07:17:09","slug":"termotops-java-470ml-lilla-2","status":"publish","type":"product","link":"https:\/\/ursus.ee\/en\/toode\/termotops-java-470ml-lilla-2\/","title":{"rendered":"Termotops Java 470ml lilla"},"content":{"rendered":"<p>100% lekkekindel, BPA vaba. V\u00e4ga kvaliteetne ja vastupidav pulberv\u00e4rvitud kate. V\u00f5ib pesta n\u00f5udepesumasinas. Soojapidavus 2,5h. K\u00fclmapidavus 4,5h.<\/p>\n","protected":false},"excerpt":{"rendered":"<p>100% lekkekindel, BPA vaba. V\u00e4ga kvaliteetne ja vastupidav pulberv\u00e4rvitud kate. V\u00f5ib pesta n\u00f5udepesumasinas. Soojapidavus 2,5h. K\u00fclmapidavus 4,5h.<\/p>\n","protected":false},"featured_media":15574,"comment_status":"closed","ping_status":"open","template":"","meta":{"_acf_changed":false},"product_brand":[704],"product_cat":[730],"product_tag":[],"class_list":{"0":"post-17949","1":"product","2":"type-product","3":"status-publish","4":"has-post-thumbnail","6":"product_brand-aladdin","7":"product_cat-outlet","8":"pa_kogus-1-tk","9":"pa_paritolumaa-usa","10":"pa_uhik-tk","12":"first","13":"instock","14":"sale","15":"taxable","16":"shipping-taxable","17":"purchasable","18":"product-type-simple"},"acf":[],"_links":{"self":[{"href":"https:\/\/ursus.ee\/en\/wp-json\/wp\/v2\/product\/17949","targetHints":{"allow":["GET"]}}],"collection":[{"href":"https:\/\/ursus.ee\/en\/wp-json\/wp\/v2\/product"}],"about":[{"href":"https:\/\/ursus.ee\/en\/wp-json\/wp\/v2\/types\/product"}],"replies":[{"embeddable":true,"href":"https:\/\/ursus.ee\/en\/wp-json\/wp\/v2\/comments?post=17949"}],"wp:featuredmedia":[{"embeddable":true,"href":"https:\/\/ursus.ee\/en\/wp-json\/wp\/v2\/media\/15574"}],"wp:attachment":[{"href":"https:\/\/ursus.ee\/en\/wp-json\/wp\/v2\/media?parent=17949"}],"wp:term":[{"taxonomy":"product_brand","embeddable":true,"href":"https:\/\/ursus.ee\/en\/wp-json\/wp\/v2\/product_brand?post=17949"},{"taxonomy":"product_cat","embeddable":true,"href":"https:\/\/ursus.ee\/en\/wp-json\/wp\/v2\/product_cat?post=17949"},{"taxonomy":"product_tag","embeddable":true,"href":"https:\/\/ursus.ee\/en\/wp-json\/wp\/v2\/product_tag?post=17949"}],"curies":[{"name":"wp","href":"https:\/\/api.w.org\/{rel}","templated":true}]}}