{"id":17945,"date":"2026-04-16T17:49:25","date_gmt":"2026-04-16T14:49:25","guid":{"rendered":"https:\/\/ursus.ee\/toode\/termotops-cafe-250ml-must-2\/"},"modified":"2026-04-24T10:16:08","modified_gmt":"2026-04-24T07:16:08","slug":"termotops-cafe-250ml-must-2","status":"publish","type":"product","link":"https:\/\/ursus.ee\/en\/toode\/termotops-cafe-250ml-must-2\/","title":{"rendered":"Termotops Cafe 250ml must"},"content":{"rendered":"<p>Roostevabast terasest topeltseinaga Thermavac\u2122 vaakumisolatsiooniga. Leak-Lock \u2122 tehnoloogia &#8211; lekkekindel lukustatav klapp. V\u00e4ga kvaliteetne ja vastupidav pulberv\u00e4rvitud kate. Auto-, jalgratta- ja ka kotis\u00f5bralik toode. N\u00f5udepesumasinakindel. BPA vaba<\/p>\n","protected":false},"excerpt":{"rendered":"<p>Roostevabast terasest topeltseinaga Thermavac\u2122 vaakumisolatsiooniga. Leak-Lock \u2122 tehnoloogia &#8211; lekkekindel lukustatav klapp. V\u00e4ga kvaliteetne ja vastupidav pulberv\u00e4rvitud kate. Auto-, jalgratta- ja ka kotis\u00f5bralik toode. N\u00f5udepesumasinakindel. BPA vaba<\/p>\n","protected":false},"featured_media":15565,"comment_status":"closed","ping_status":"closed","template":"","meta":{"_acf_changed":false},"product_brand":[704],"product_cat":[730],"product_tag":[],"class_list":{"0":"post-17945","1":"product","2":"type-product","3":"status-publish","4":"has-post-thumbnail","6":"product_brand-aladdin","7":"product_cat-outlet","8":"pa_kogus-1-tk","9":"pa_paritolumaa-usa","10":"pa_uhik-tk","12":"first","13":"instock","14":"sale","15":"taxable","16":"shipping-taxable","17":"purchasable","18":"product-type-simple"},"acf":[],"_links":{"self":[{"href":"https:\/\/ursus.ee\/en\/wp-json\/wp\/v2\/product\/17945","targetHints":{"allow":["GET"]}}],"collection":[{"href":"https:\/\/ursus.ee\/en\/wp-json\/wp\/v2\/product"}],"about":[{"href":"https:\/\/ursus.ee\/en\/wp-json\/wp\/v2\/types\/product"}],"replies":[{"embeddable":true,"href":"https:\/\/ursus.ee\/en\/wp-json\/wp\/v2\/comments?post=17945"}],"wp:featuredmedia":[{"embeddable":true,"href":"https:\/\/ursus.ee\/en\/wp-json\/wp\/v2\/media\/15565"}],"wp:attachment":[{"href":"https:\/\/ursus.ee\/en\/wp-json\/wp\/v2\/media?parent=17945"}],"wp:term":[{"taxonomy":"product_brand","embeddable":true,"href":"https:\/\/ursus.ee\/en\/wp-json\/wp\/v2\/product_brand?post=17945"},{"taxonomy":"product_cat","embeddable":true,"href":"https:\/\/ursus.ee\/en\/wp-json\/wp\/v2\/product_cat?post=17945"},{"taxonomy":"product_tag","embeddable":true,"href":"https:\/\/ursus.ee\/en\/wp-json\/wp\/v2\/product_tag?post=17945"}],"curies":[{"name":"wp","href":"https:\/\/api.w.org\/{rel}","templated":true}]}}