{"id":17944,"date":"2026-04-24T12:02:31","date_gmt":"2026-04-24T09:02:31","guid":{"rendered":"https:\/\/ursus.ee\/toode\/joogipudel-stainless-600ml-2\/"},"modified":"2026-04-24T12:02:31","modified_gmt":"2026-04-24T09:02:31","slug":"joogipudel-stainless-600ml-2","status":"publish","type":"product","link":"https:\/\/ursus.ee\/en\/toode\/joogipudel-stainless-600ml-2\/","title":{"rendered":"Joogipudel Stainless 600ml"},"content":{"rendered":"<p>Roostevabast terasest lekkekindla joogipudeli ava on avatav \u00fche k\u00e4e nupulevajutusega. Topeltseinaga Thermavac \u2122 vaakum isolatsioon hoiab jooki kuni 10 tundi k\u00fclmana (35h j\u00e4\u00e4ga). Hydraspout \u2122 -i joogiava tagab mugava joomise. Mugav silmus pudeli kaasas kandmiseks. V\u00f5ib pesta n\u00f5udepesumasinas.<\/p>\n<p>KASUTAMINE:<br \/>\nV\u00f5ib pesta n\u00f5udepesumasinas. \u00c4rge t\u00e4itke gaseeritud jookidega.<\/p>\n","protected":false},"excerpt":{"rendered":"<p>Roostevabast terasest lekkekindla joogipudeli ava on avatav \u00fche k\u00e4e nupulevajutusega. Topeltseinaga Thermavac \u2122 vaakum isolatsioon hoiab jooki kuni 10 tundi k\u00fclmana (35h j\u00e4\u00e4ga). Hydraspout \u2122 -i joogiava tagab mugava joomise. Mugav silmus pudeli kaasas kandmiseks. V\u00f5ib pesta n\u00f5udepesumasinas. KASUTAMINE: V\u00f5ib pesta n\u00f5udepesumasinas. \u00c4rge t\u00e4itke gaseeritud jookidega.<\/p>\n","protected":false},"featured_media":15561,"comment_status":"closed","ping_status":"open","template":"","meta":{"_acf_changed":false},"product_brand":[704],"product_cat":[730],"product_tag":[],"class_list":{"0":"post-17944","1":"product","2":"type-product","3":"status-publish","4":"has-post-thumbnail","6":"product_brand-aladdin","7":"product_cat-outlet","8":"pa_kogus-1-tk","9":"pa_paritolumaa-usa","10":"pa_uhik-tk","12":"first","13":"instock","14":"sale","15":"taxable","16":"shipping-taxable","17":"purchasable","18":"product-type-simple"},"acf":[],"_links":{"self":[{"href":"https:\/\/ursus.ee\/en\/wp-json\/wp\/v2\/product\/17944","targetHints":{"allow":["GET"]}}],"collection":[{"href":"https:\/\/ursus.ee\/en\/wp-json\/wp\/v2\/product"}],"about":[{"href":"https:\/\/ursus.ee\/en\/wp-json\/wp\/v2\/types\/product"}],"replies":[{"embeddable":true,"href":"https:\/\/ursus.ee\/en\/wp-json\/wp\/v2\/comments?post=17944"}],"wp:featuredmedia":[{"embeddable":true,"href":"https:\/\/ursus.ee\/en\/wp-json\/wp\/v2\/media\/15561"}],"wp:attachment":[{"href":"https:\/\/ursus.ee\/en\/wp-json\/wp\/v2\/media?parent=17944"}],"wp:term":[{"taxonomy":"product_brand","embeddable":true,"href":"https:\/\/ursus.ee\/en\/wp-json\/wp\/v2\/product_brand?post=17944"},{"taxonomy":"product_cat","embeddable":true,"href":"https:\/\/ursus.ee\/en\/wp-json\/wp\/v2\/product_cat?post=17944"},{"taxonomy":"product_tag","embeddable":true,"href":"https:\/\/ursus.ee\/en\/wp-json\/wp\/v2\/product_tag?post=17944"}],"curies":[{"name":"wp","href":"https:\/\/api.w.org\/{rel}","templated":true}]}}