{"id":17941,"date":"2026-04-24T12:02:30","date_gmt":"2026-04-24T09:02:30","guid":{"rendered":"https:\/\/ursus.ee\/toode\/joogipudel-my-first-aveo-350ml-dino-2\/"},"modified":"2026-04-24T12:02:30","modified_gmt":"2026-04-24T09:02:30","slug":"joogipudel-my-first-aveo-350ml-dino-2","status":"publish","type":"product","link":"https:\/\/ursus.ee\/en\/toode\/joogipudel-my-first-aveo-350ml-dino-2\/","title":{"rendered":"Joogipudel My first Aveo 350ml, Dino"},"content":{"rendered":"<p>Joogipudel Aveo on valmistatud BPA vabast k\u00f5rge kvaliteediga, mittekahjulikust plastist. Joogipudelil on lai joogiava, millest on lihtne ja mugav juua. Pudel on hermeetiline, l\u00f5hnakindel ning vastupidav l\u00f6\u00f6kide suhtes. Soovitav kasutada sportimisel, reisil, lastel koolis.<\/p>\n","protected":false},"excerpt":{"rendered":"<p>Joogipudel Aveo on valmistatud BPA vabast k\u00f5rge kvaliteediga, mittekahjulikust plastist. Joogipudelil on lai joogiava, millest on lihtne ja mugav juua. Pudel on hermeetiline, l\u00f5hnakindel ning vastupidav l\u00f6\u00f6kide suhtes. Soovitav kasutada sportimisel, reisil, lastel koolis.<\/p>\n","protected":false},"featured_media":15555,"comment_status":"closed","ping_status":"open","template":"","meta":{"_acf_changed":false},"product_brand":[704],"product_cat":[730],"product_tag":[],"class_list":{"0":"post-17941","1":"product","2":"type-product","3":"status-publish","4":"has-post-thumbnail","6":"product_brand-aladdin","7":"product_cat-outlet","8":"pa_kogus-1-tk","9":"pa_paritolumaa-usa","10":"pa_uhik-tk","12":"first","13":"instock","14":"sale","15":"taxable","16":"shipping-taxable","17":"purchasable","18":"product-type-simple"},"acf":[],"_links":{"self":[{"href":"https:\/\/ursus.ee\/en\/wp-json\/wp\/v2\/product\/17941","targetHints":{"allow":["GET"]}}],"collection":[{"href":"https:\/\/ursus.ee\/en\/wp-json\/wp\/v2\/product"}],"about":[{"href":"https:\/\/ursus.ee\/en\/wp-json\/wp\/v2\/types\/product"}],"replies":[{"embeddable":true,"href":"https:\/\/ursus.ee\/en\/wp-json\/wp\/v2\/comments?post=17941"}],"wp:featuredmedia":[{"embeddable":true,"href":"https:\/\/ursus.ee\/en\/wp-json\/wp\/v2\/media\/15555"}],"wp:attachment":[{"href":"https:\/\/ursus.ee\/en\/wp-json\/wp\/v2\/media?parent=17941"}],"wp:term":[{"taxonomy":"product_brand","embeddable":true,"href":"https:\/\/ursus.ee\/en\/wp-json\/wp\/v2\/product_brand?post=17941"},{"taxonomy":"product_cat","embeddable":true,"href":"https:\/\/ursus.ee\/en\/wp-json\/wp\/v2\/product_cat?post=17941"},{"taxonomy":"product_tag","embeddable":true,"href":"https:\/\/ursus.ee\/en\/wp-json\/wp\/v2\/product_tag?post=17941"}],"curies":[{"name":"wp","href":"https:\/\/api.w.org\/{rel}","templated":true}]}}