{"id":17939,"date":"2026-04-24T12:02:30","date_gmt":"2026-04-24T09:02:30","guid":{"rendered":"https:\/\/ursus.ee\/toode\/joogipudel-fresco-700ml-valge-2\/"},"modified":"2026-04-24T12:02:30","modified_gmt":"2026-04-24T09:02:30","slug":"joogipudel-fresco-700ml-valge-2","status":"publish","type":"product","link":"https:\/\/ursus.ee\/en\/toode\/joogipudel-fresco-700ml-valge-2\/","title":{"rendered":"Joogipudel Fresco 700ml valge"},"content":{"rendered":"<p>Roostevabast terasest veepudel mahutavusega 0,6 liitrit. Populaarsed Aladdin Fresco pudelid on plastivabad, valmistatud kvaliteetsest roostevabast terasest, kaetud pulberv\u00e4rviga. Pudel on soojusisolatsiooniga, mis hoiab jooke k\u00fclmas kuni 10 tundi.Toote kaheseinaline Thermavac \u2122 vaakumisolatsiooniga. Hoiab joogi jaheda ja v\u00e4rskena. Sobib gaseeritud jookidele. Pudelil on 2-osaline keeratav kork &#8211; mugavaks joomiseks keerake \u00fclemine kork lahti, h\u00f5lpsaks t\u00e4itmiseks ja puhastamiseks saate pudeli kaela juures toote avada. Joogupudel on v\u00e4ga vastupidav, BPA-vaba ja pestav n\u00f5udepesumasinas.<\/p>\n","protected":false},"excerpt":{"rendered":"<p>Roostevabast terasest veepudel mahutavusega 0,6 liitrit. Populaarsed Aladdin Fresco pudelid on plastivabad, valmistatud kvaliteetsest roostevabast terasest, kaetud pulberv\u00e4rviga. Pudel on soojusisolatsiooniga, mis hoiab jooke k\u00fclmas kuni 10 tundi.Toote kaheseinaline Thermavac \u2122 vaakumisolatsiooniga. Hoiab joogi jaheda ja v\u00e4rskena. Sobib gaseeritud jookidele. Pudelil on 2-osaline keeratav kork &#8211; mugavaks joomiseks keerake \u00fclemine kork lahti, h\u00f5lpsaks t\u00e4itmiseks ja<\/p>\n","protected":false},"featured_media":15551,"comment_status":"closed","ping_status":"open","template":"","meta":{"_acf_changed":false},"product_brand":[704],"product_cat":[730],"product_tag":[],"class_list":{"0":"post-17939","1":"product","2":"type-product","3":"status-publish","4":"has-post-thumbnail","6":"product_brand-aladdin","7":"product_cat-outlet","8":"pa_kogus-1-tk","9":"pa_paritolumaa-usa","10":"pa_uhik-tk","12":"first","13":"instock","14":"sale","15":"taxable","16":"shipping-taxable","17":"purchasable","18":"product-type-simple"},"acf":[],"_links":{"self":[{"href":"https:\/\/ursus.ee\/en\/wp-json\/wp\/v2\/product\/17939","targetHints":{"allow":["GET"]}}],"collection":[{"href":"https:\/\/ursus.ee\/en\/wp-json\/wp\/v2\/product"}],"about":[{"href":"https:\/\/ursus.ee\/en\/wp-json\/wp\/v2\/types\/product"}],"replies":[{"embeddable":true,"href":"https:\/\/ursus.ee\/en\/wp-json\/wp\/v2\/comments?post=17939"}],"wp:featuredmedia":[{"embeddable":true,"href":"https:\/\/ursus.ee\/en\/wp-json\/wp\/v2\/media\/15551"}],"wp:attachment":[{"href":"https:\/\/ursus.ee\/en\/wp-json\/wp\/v2\/media?parent=17939"}],"wp:term":[{"taxonomy":"product_brand","embeddable":true,"href":"https:\/\/ursus.ee\/en\/wp-json\/wp\/v2\/product_brand?post=17939"},{"taxonomy":"product_cat","embeddable":true,"href":"https:\/\/ursus.ee\/en\/wp-json\/wp\/v2\/product_cat?post=17939"},{"taxonomy":"product_tag","embeddable":true,"href":"https:\/\/ursus.ee\/en\/wp-json\/wp\/v2\/product_tag?post=17939"}],"curies":[{"name":"wp","href":"https:\/\/api.w.org\/{rel}","templated":true}]}}