{"id":17929,"date":"2026-04-24T12:02:29","date_gmt":"2026-04-24T09:02:29","guid":{"rendered":"https:\/\/ursus.ee\/toode\/joogipudel-chilled-lotus-550ml-2\/"},"modified":"2026-04-24T12:02:29","modified_gmt":"2026-04-24T09:02:29","slug":"joogipudel-chilled-lotus-550ml-2","status":"publish","type":"product","link":"https:\/\/ursus.ee\/en\/toode\/joogipudel-chilled-lotus-550ml-2\/","title":{"rendered":"Joogipudel Chilled Lotus 550ml"},"content":{"rendered":"<p>Roostevabast terasest topeltseinaga Thermavac\u2122vaakumisolatsiooniga pudel, mis hoiab k\u00fclmad joogid k\u00fclmana ja v\u00e4rskena kuni 9h. Sobib ka gaseeritud jookidele. Suure avausega mugavaks t\u00e4itmiseks ja puhastamiseks. Joogipudel on v\u00e4ga vastupidav, BPA-vaba ja pestav n\u00f5udepesumasinas. Pehme silikoonist r\u00f5ngas mugavaks kaasaskandmiseks igal pool. Lekkekindel<\/p>\n","protected":false},"excerpt":{"rendered":"<p>Roostevabast terasest topeltseinaga Thermavac\u2122vaakumisolatsiooniga pudel, mis hoiab k\u00fclmad joogid k\u00fclmana ja v\u00e4rskena kuni 9h. Sobib ka gaseeritud jookidele. Suure avausega mugavaks t\u00e4itmiseks ja puhastamiseks. Joogipudel on v\u00e4ga vastupidav, BPA-vaba ja pestav n\u00f5udepesumasinas. Pehme silikoonist r\u00f5ngas mugavaks kaasaskandmiseks igal pool. Lekkekindel<\/p>\n","protected":false},"featured_media":15529,"comment_status":"closed","ping_status":"open","template":"","meta":{"_acf_changed":false},"product_brand":[704],"product_cat":[730],"product_tag":[],"class_list":{"0":"post-17929","1":"product","2":"type-product","3":"status-publish","4":"has-post-thumbnail","6":"product_brand-aladdin","7":"product_cat-outlet","8":"pa_kogus-1-tk","9":"pa_paritolumaa-usa","10":"pa_uhik-tk","12":"first","13":"instock","14":"sale","15":"taxable","16":"shipping-taxable","17":"purchasable","18":"product-type-simple"},"acf":[],"_links":{"self":[{"href":"https:\/\/ursus.ee\/en\/wp-json\/wp\/v2\/product\/17929","targetHints":{"allow":["GET"]}}],"collection":[{"href":"https:\/\/ursus.ee\/en\/wp-json\/wp\/v2\/product"}],"about":[{"href":"https:\/\/ursus.ee\/en\/wp-json\/wp\/v2\/types\/product"}],"replies":[{"embeddable":true,"href":"https:\/\/ursus.ee\/en\/wp-json\/wp\/v2\/comments?post=17929"}],"wp:featuredmedia":[{"embeddable":true,"href":"https:\/\/ursus.ee\/en\/wp-json\/wp\/v2\/media\/15529"}],"wp:attachment":[{"href":"https:\/\/ursus.ee\/en\/wp-json\/wp\/v2\/media?parent=17929"}],"wp:term":[{"taxonomy":"product_brand","embeddable":true,"href":"https:\/\/ursus.ee\/en\/wp-json\/wp\/v2\/product_brand?post=17929"},{"taxonomy":"product_cat","embeddable":true,"href":"https:\/\/ursus.ee\/en\/wp-json\/wp\/v2\/product_cat?post=17929"},{"taxonomy":"product_tag","embeddable":true,"href":"https:\/\/ursus.ee\/en\/wp-json\/wp\/v2\/product_tag?post=17929"}],"curies":[{"name":"wp","href":"https:\/\/api.w.org\/{rel}","templated":true}]}}