{"id":17920,"date":"2026-04-16T17:49:15","date_gmt":"2026-04-16T14:49:15","guid":{"rendered":"https:\/\/ursus.ee\/toode\/joogipudel-aveo-basil-350ml-2\/"},"modified":"2026-04-24T10:48:54","modified_gmt":"2026-04-24T07:48:54","slug":"joogipudel-aveo-basil-350ml-2","status":"publish","type":"product","link":"https:\/\/ursus.ee\/en\/toode\/joogipudel-aveo-basil-350ml-2\/","title":{"rendered":"Joogipudel Aveo Basil 350ml"},"content":{"rendered":"<p>Stiilne suure avaga veepudel joomiseks mahuga 0,35l. Joogipudelil on lekkekindel keeratav kork, suur ava t\u00e4itmiseks ja joomiseks. Valmistatud vastupidavast plastikust Tritan \u2122, mis ei m\u00e4\u00e4ri ega l\u00f5hna. Joopipudel on BPA-vaba ja n\u00f5udepesumasinas pestav.<\/p>\n","protected":false},"excerpt":{"rendered":"<p>Stiilne suure avaga veepudel joomiseks mahuga 0,35l. Joogipudelil on lekkekindel keeratav kork, suur ava t\u00e4itmiseks ja joomiseks. Valmistatud vastupidavast plastikust Tritan \u2122, mis ei m\u00e4\u00e4ri ega l\u00f5hna. Joopipudel on BPA-vaba ja n\u00f5udepesumasinas pestav.<\/p>\n","protected":false},"featured_media":18129,"comment_status":"closed","ping_status":"closed","template":"","meta":{"_acf_changed":false},"product_brand":[704],"product_cat":[730],"product_tag":[],"class_list":{"0":"post-17920","1":"product","2":"type-product","3":"status-publish","4":"has-post-thumbnail","6":"product_brand-aladdin","7":"product_cat-outlet","8":"pa_kogus-1-tk","9":"pa_paritolumaa-usa","10":"pa_uhik-tk","12":"first","13":"instock","14":"sale","15":"taxable","16":"shipping-taxable","17":"purchasable","18":"product-type-simple"},"acf":[],"_links":{"self":[{"href":"https:\/\/ursus.ee\/en\/wp-json\/wp\/v2\/product\/17920","targetHints":{"allow":["GET"]}}],"collection":[{"href":"https:\/\/ursus.ee\/en\/wp-json\/wp\/v2\/product"}],"about":[{"href":"https:\/\/ursus.ee\/en\/wp-json\/wp\/v2\/types\/product"}],"replies":[{"embeddable":true,"href":"https:\/\/ursus.ee\/en\/wp-json\/wp\/v2\/comments?post=17920"}],"wp:featuredmedia":[{"embeddable":true,"href":"https:\/\/ursus.ee\/en\/wp-json\/wp\/v2\/media\/18129"}],"wp:attachment":[{"href":"https:\/\/ursus.ee\/en\/wp-json\/wp\/v2\/media?parent=17920"}],"wp:term":[{"taxonomy":"product_brand","embeddable":true,"href":"https:\/\/ursus.ee\/en\/wp-json\/wp\/v2\/product_brand?post=17920"},{"taxonomy":"product_cat","embeddable":true,"href":"https:\/\/ursus.ee\/en\/wp-json\/wp\/v2\/product_cat?post=17920"},{"taxonomy":"product_tag","embeddable":true,"href":"https:\/\/ursus.ee\/en\/wp-json\/wp\/v2\/product_tag?post=17920"}],"curies":[{"name":"wp","href":"https:\/\/api.w.org\/{rel}","templated":true}]}}