{"id":17900,"date":"2026-04-17T12:22:28","date_gmt":"2026-04-17T09:22:28","guid":{"rendered":"https:\/\/ursus.ee\/toode\/veetops-sven-valge-2\/"},"modified":"2026-04-20T15:14:33","modified_gmt":"2026-04-20T12:14:33","slug":"veetops-sven-valge-2","status":"publish","type":"product","link":"https:\/\/ursus.ee\/en\/toode\/veetops-sven-valge-2\/","title":{"rendered":"Veetops Sven valge"},"content":{"rendered":"<p>\u00dchendab praktilisuse ja elegantse disaini. SVEN sarja tops sobib ideaalselt hambapasta ja hambaharjade hoidmiseks v\u00f5i ka lihtsa veetopsina. Puidu- ja valgetooniline disain loob vannituppa sooja ja hubase meeleolu. Lihtne puhastada ning eriti niiskuskindel. M\u00f5\u00f5dud: 8 \u00d7 10,5 cm<br \/>\nMaterjal: pol\u00fcresiin<\/p>\n","protected":false},"excerpt":{"rendered":"<p>\u00dchendab praktilisuse ja elegantse disaini. SVEN sarja tops sobib ideaalselt hambapasta ja hambaharjade hoidmiseks v\u00f5i ka lihtsa veetopsina. Puidu- ja valgetooniline disain loob vannituppa sooja ja hubase meeleolu. Lihtne puhastada ning eriti niiskuskindel. M\u00f5\u00f5dud: 8 \u00d7 10,5 cm Materjal: pol\u00fcresiin<\/p>\n","protected":false},"featured_media":17047,"comment_status":"closed","ping_status":"open","template":"","meta":{"_acf_changed":false},"product_brand":[687],"product_cat":[512,688],"product_tag":[],"class_list":{"0":"post-17900","1":"product","2":"type-product","3":"status-publish","4":"has-post-thumbnail","6":"product_brand-spirella","7":"product_cat-majapidamistarbed","8":"product_cat-vannitoatarbed","9":"pa_kogus-1-tk","10":"pa_koostis-poluresiin","11":"pa_paritolumaa-sveits","12":"pa_uhik-tk","14":"first","15":"instock","16":"taxable","17":"shipping-taxable","18":"purchasable","19":"product-type-simple"},"acf":[],"_links":{"self":[{"href":"https:\/\/ursus.ee\/en\/wp-json\/wp\/v2\/product\/17900","targetHints":{"allow":["GET"]}}],"collection":[{"href":"https:\/\/ursus.ee\/en\/wp-json\/wp\/v2\/product"}],"about":[{"href":"https:\/\/ursus.ee\/en\/wp-json\/wp\/v2\/types\/product"}],"replies":[{"embeddable":true,"href":"https:\/\/ursus.ee\/en\/wp-json\/wp\/v2\/comments?post=17900"}],"wp:featuredmedia":[{"embeddable":true,"href":"https:\/\/ursus.ee\/en\/wp-json\/wp\/v2\/media\/17047"}],"wp:attachment":[{"href":"https:\/\/ursus.ee\/en\/wp-json\/wp\/v2\/media?parent=17900"}],"wp:term":[{"taxonomy":"product_brand","embeddable":true,"href":"https:\/\/ursus.ee\/en\/wp-json\/wp\/v2\/product_brand?post=17900"},{"taxonomy":"product_cat","embeddable":true,"href":"https:\/\/ursus.ee\/en\/wp-json\/wp\/v2\/product_cat?post=17900"},{"taxonomy":"product_tag","embeddable":true,"href":"https:\/\/ursus.ee\/en\/wp-json\/wp\/v2\/product_tag?post=17900"}],"curies":[{"name":"wp","href":"https:\/\/api.w.org\/{rel}","templated":true}]}}