{"id":17888,"date":"2026-04-17T12:22:29","date_gmt":"2026-04-17T09:22:29","guid":{"rendered":"https:\/\/ursus.ee\/toode\/wc-hari-ricky-must-2\/"},"modified":"2026-04-20T15:14:35","modified_gmt":"2026-04-20T12:14:35","slug":"wc-hari-ricky-must-2","status":"publish","type":"product","link":"https:\/\/ursus.ee\/en\/toode\/wc-hari-ricky-must-2\/","title":{"rendered":"WC-hari Ricky must"},"content":{"rendered":"<p>Prop\u00fcleenmaterjalist tualetthari koos alusega on lihtne, kuid kvaliteetne vannitoa aksessuaar. V\u00e4ga tugev materjal, lihtne hooldada. M\u00f5\u00f5dud: 10,7&#215;36,5cm V\u00e4rvus must.<\/p>\n","protected":false},"excerpt":{"rendered":"<p>Prop\u00fcleenmaterjalist tualetthari koos alusega on lihtne, kuid kvaliteetne vannitoa aksessuaar. V\u00e4ga tugev materjal, lihtne hooldada. M\u00f5\u00f5dud: 10,7&#215;36,5cm V\u00e4rvus must.<\/p>\n","protected":false},"featured_media":15460,"comment_status":"closed","ping_status":"open","template":"","meta":{"_acf_changed":false},"product_brand":[687],"product_cat":[512,688],"product_tag":[],"class_list":{"0":"post-17888","1":"product","2":"type-product","3":"status-publish","4":"has-post-thumbnail","6":"product_brand-spirella","7":"product_cat-majapidamistarbed","8":"product_cat-vannitoatarbed","9":"pa_kogus-1-tk","10":"pa_koostis-polupropuleen","11":"pa_paritolumaa-hiina","12":"pa_uhik-tk","14":"first","15":"instock","16":"taxable","17":"shipping-taxable","18":"purchasable","19":"product-type-simple"},"acf":[],"_links":{"self":[{"href":"https:\/\/ursus.ee\/en\/wp-json\/wp\/v2\/product\/17888","targetHints":{"allow":["GET"]}}],"collection":[{"href":"https:\/\/ursus.ee\/en\/wp-json\/wp\/v2\/product"}],"about":[{"href":"https:\/\/ursus.ee\/en\/wp-json\/wp\/v2\/types\/product"}],"replies":[{"embeddable":true,"href":"https:\/\/ursus.ee\/en\/wp-json\/wp\/v2\/comments?post=17888"}],"wp:featuredmedia":[{"embeddable":true,"href":"https:\/\/ursus.ee\/en\/wp-json\/wp\/v2\/media\/15460"}],"wp:attachment":[{"href":"https:\/\/ursus.ee\/en\/wp-json\/wp\/v2\/media?parent=17888"}],"wp:term":[{"taxonomy":"product_brand","embeddable":true,"href":"https:\/\/ursus.ee\/en\/wp-json\/wp\/v2\/product_brand?post=17888"},{"taxonomy":"product_cat","embeddable":true,"href":"https:\/\/ursus.ee\/en\/wp-json\/wp\/v2\/product_cat?post=17888"},{"taxonomy":"product_tag","embeddable":true,"href":"https:\/\/ursus.ee\/en\/wp-json\/wp\/v2\/product_tag?post=17888"}],"curies":[{"name":"wp","href":"https:\/\/api.w.org\/{rel}","templated":true}]}}