{"id":17875,"date":"2026-04-17T12:22:26","date_gmt":"2026-04-17T09:22:26","guid":{"rendered":"https:\/\/ursus.ee\/toode\/seebidispenser-sven-valge-2\/"},"modified":"2026-04-20T15:08:25","modified_gmt":"2026-04-20T12:08:25","slug":"seebidispenser-sven-valge-2","status":"publish","type":"product","link":"https:\/\/ursus.ee\/en\/toode\/seebidispenser-sven-valge-2\/","title":{"rendered":"Seebidispenser Sven valge"},"content":{"rendered":"<p>Valge v\u00e4rv ja puitdetail loovad \u0161iki ja sooja atmosf\u00e4\u00e4ri. SVEN sarja seebidosaator on ajatu vannitoatarvik, mis sobitub h\u00e4sti t\u00e4nap\u00e4evaste sisustustrendidega. Selle funktsionaalsus ja l\u00e4bim\u00f5eldud disain teevad sellest igap\u00e4evases kasutuses asendamatu abivahendi. M\u00f5\u00f5dud: 18 \u00d7 8,2 cm<\/p>\n","protected":false},"excerpt":{"rendered":"<p>Valge v\u00e4rv ja puitdetail loovad \u0161iki ja sooja atmosf\u00e4\u00e4ri. SVEN sarja seebidosaator on ajatu vannitoatarvik, mis sobitub h\u00e4sti t\u00e4nap\u00e4evaste sisustustrendidega. Selle funktsionaalsus ja l\u00e4bim\u00f5eldud disain teevad sellest igap\u00e4evases kasutuses asendamatu abivahendi. M\u00f5\u00f5dud: 18 \u00d7 8,2 cm<\/p>\n","protected":false},"featured_media":17000,"comment_status":"closed","ping_status":"open","template":"","meta":{"_acf_changed":false},"product_brand":[687],"product_cat":[512,688],"product_tag":[],"class_list":{"0":"post-17875","1":"product","2":"type-product","3":"status-publish","4":"has-post-thumbnail","6":"product_brand-spirella","7":"product_cat-majapidamistarbed","8":"product_cat-vannitoatarbed","9":"pa_kogus-1-tk","10":"pa_paritolumaa-sveits","11":"pa_uhik-tk","13":"first","14":"instock","15":"taxable","16":"shipping-taxable","17":"purchasable","18":"product-type-simple"},"acf":[],"_links":{"self":[{"href":"https:\/\/ursus.ee\/en\/wp-json\/wp\/v2\/product\/17875","targetHints":{"allow":["GET"]}}],"collection":[{"href":"https:\/\/ursus.ee\/en\/wp-json\/wp\/v2\/product"}],"about":[{"href":"https:\/\/ursus.ee\/en\/wp-json\/wp\/v2\/types\/product"}],"replies":[{"embeddable":true,"href":"https:\/\/ursus.ee\/en\/wp-json\/wp\/v2\/comments?post=17875"}],"wp:featuredmedia":[{"embeddable":true,"href":"https:\/\/ursus.ee\/en\/wp-json\/wp\/v2\/media\/17000"}],"wp:attachment":[{"href":"https:\/\/ursus.ee\/en\/wp-json\/wp\/v2\/media?parent=17875"}],"wp:term":[{"taxonomy":"product_brand","embeddable":true,"href":"https:\/\/ursus.ee\/en\/wp-json\/wp\/v2\/product_brand?post=17875"},{"taxonomy":"product_cat","embeddable":true,"href":"https:\/\/ursus.ee\/en\/wp-json\/wp\/v2\/product_cat?post=17875"},{"taxonomy":"product_tag","embeddable":true,"href":"https:\/\/ursus.ee\/en\/wp-json\/wp\/v2\/product_tag?post=17875"}],"curies":[{"name":"wp","href":"https:\/\/api.w.org\/{rel}","templated":true}]}}