{"id":17874,"date":"2026-04-17T12:22:26","date_gmt":"2026-04-17T09:22:26","guid":{"rendered":"https:\/\/ursus.ee\/toode\/seebidispenser-retro-valge-2\/"},"modified":"2026-04-20T15:08:25","modified_gmt":"2026-04-20T12:08:25","slug":"seebidispenser-retro-valge-2","status":"publish","type":"product","link":"https:\/\/ursus.ee\/en\/toode\/seebidispenser-retro-valge-2\/","title":{"rendered":"Seebidispenser Retro valge"},"content":{"rendered":"<p>Korduvt\u00e4idetav dekoratiivne seebidispenser. Materjal kivikeraamika. Matt pinnaviimistlus. M\u00f5\u00f5dud 7 x 7 x 15,5cm. Maht 0,3 liitrit.<\/p>\n","protected":false},"excerpt":{"rendered":"<p>Korduvt\u00e4idetav dekoratiivne seebidispenser. Materjal kivikeraamika. Matt pinnaviimistlus. M\u00f5\u00f5dud 7 x 7 x 15,5cm. Maht 0,3 liitrit.<\/p>\n","protected":false},"featured_media":15434,"comment_status":"closed","ping_status":"open","template":"","meta":{"_acf_changed":false},"product_brand":[687],"product_cat":[512,688],"product_tag":[],"class_list":{"0":"post-17874","1":"product","2":"type-product","3":"status-publish","4":"has-post-thumbnail","6":"product_brand-spirella","7":"product_cat-majapidamistarbed","8":"product_cat-vannitoatarbed","9":"pa_kogus-1-tk","10":"pa_paritolumaa-hiina","11":"pa_uhik-tk","13":"first","14":"instock","15":"taxable","16":"shipping-taxable","17":"purchasable","18":"product-type-simple"},"acf":[],"_links":{"self":[{"href":"https:\/\/ursus.ee\/en\/wp-json\/wp\/v2\/product\/17874","targetHints":{"allow":["GET"]}}],"collection":[{"href":"https:\/\/ursus.ee\/en\/wp-json\/wp\/v2\/product"}],"about":[{"href":"https:\/\/ursus.ee\/en\/wp-json\/wp\/v2\/types\/product"}],"replies":[{"embeddable":true,"href":"https:\/\/ursus.ee\/en\/wp-json\/wp\/v2\/comments?post=17874"}],"wp:featuredmedia":[{"embeddable":true,"href":"https:\/\/ursus.ee\/en\/wp-json\/wp\/v2\/media\/15434"}],"wp:attachment":[{"href":"https:\/\/ursus.ee\/en\/wp-json\/wp\/v2\/media?parent=17874"}],"wp:term":[{"taxonomy":"product_brand","embeddable":true,"href":"https:\/\/ursus.ee\/en\/wp-json\/wp\/v2\/product_brand?post=17874"},{"taxonomy":"product_cat","embeddable":true,"href":"https:\/\/ursus.ee\/en\/wp-json\/wp\/v2\/product_cat?post=17874"},{"taxonomy":"product_tag","embeddable":true,"href":"https:\/\/ursus.ee\/en\/wp-json\/wp\/v2\/product_tag?post=17874"}],"curies":[{"name":"wp","href":"https:\/\/api.w.org\/{rel}","templated":true}]}}