{"id":17866,"date":"2026-04-17T12:22:25","date_gmt":"2026-04-17T09:22:25","guid":{"rendered":"https:\/\/ursus.ee\/toode\/seebialus-sven-valge-2\/"},"modified":"2026-04-20T15:08:24","modified_gmt":"2026-04-20T12:08:24","slug":"seebialus-sven-valge-2","status":"publish","type":"product","link":"https:\/\/ursus.ee\/en\/toode\/seebialus-sven-valge-2\/","title":{"rendered":"Seebialus Sven valge"},"content":{"rendered":"<p>Elegantne ja praktiline SVEN sarja seebialus hoiab seebi puhtana ning lisab vannituppa modernsust ja viimistletud ilmet. Aluse kuju tagab mugava ligip\u00e4\u00e4su seebile. Eriti vastupidav ja lihtsasti puhastatav \u2013 kasutatud materjal tagab pika kasutusea. Puit ja valge tooniga disain loob sooja ja s\u00f5braliku atmosf\u00e4\u00e4ri.<br \/>\nM\u00f5\u00f5dud: 11,6 \u00d7 2,4 cm<br \/>\nMaterjal: pol\u00fcresiin<\/p>\n","protected":false},"excerpt":{"rendered":"<p>Elegantne ja praktiline SVEN sarja seebialus hoiab seebi puhtana ning lisab vannituppa modernsust ja viimistletud ilmet. Aluse kuju tagab mugava ligip\u00e4\u00e4su seebile. Eriti vastupidav ja lihtsasti puhastatav \u2013 kasutatud materjal tagab pika kasutusea. Puit ja valge tooniga disain loob sooja ja s\u00f5braliku atmosf\u00e4\u00e4ri. M\u00f5\u00f5dud: 11,6 \u00d7 2,4 cm Materjal: pol\u00fcresiin<\/p>\n","protected":false},"featured_media":16980,"comment_status":"closed","ping_status":"open","template":"","meta":{"_acf_changed":false},"product_brand":[687],"product_cat":[512,688],"product_tag":[],"class_list":{"0":"post-17866","1":"product","2":"type-product","3":"status-publish","4":"has-post-thumbnail","6":"product_brand-spirella","7":"product_cat-majapidamistarbed","8":"product_cat-vannitoatarbed","9":"pa_kogus-1-tk","10":"pa_koostis-poluresiin","11":"pa_paritolumaa-sveits","12":"pa_uhik-tk","14":"first","15":"instock","16":"taxable","17":"shipping-taxable","18":"purchasable","19":"product-type-simple"},"acf":[],"_links":{"self":[{"href":"https:\/\/ursus.ee\/en\/wp-json\/wp\/v2\/product\/17866","targetHints":{"allow":["GET"]}}],"collection":[{"href":"https:\/\/ursus.ee\/en\/wp-json\/wp\/v2\/product"}],"about":[{"href":"https:\/\/ursus.ee\/en\/wp-json\/wp\/v2\/types\/product"}],"replies":[{"embeddable":true,"href":"https:\/\/ursus.ee\/en\/wp-json\/wp\/v2\/comments?post=17866"}],"wp:featuredmedia":[{"embeddable":true,"href":"https:\/\/ursus.ee\/en\/wp-json\/wp\/v2\/media\/16980"}],"wp:attachment":[{"href":"https:\/\/ursus.ee\/en\/wp-json\/wp\/v2\/media?parent=17866"}],"wp:term":[{"taxonomy":"product_brand","embeddable":true,"href":"https:\/\/ursus.ee\/en\/wp-json\/wp\/v2\/product_brand?post=17866"},{"taxonomy":"product_cat","embeddable":true,"href":"https:\/\/ursus.ee\/en\/wp-json\/wp\/v2\/product_cat?post=17866"},{"taxonomy":"product_tag","embeddable":true,"href":"https:\/\/ursus.ee\/en\/wp-json\/wp\/v2\/product_tag?post=17866"}],"curies":[{"name":"wp","href":"https:\/\/api.w.org\/{rel}","templated":true}]}}