{"id":17855,"date":"2026-04-17T12:22:25","date_gmt":"2026-04-17T09:22:25","guid":{"rendered":"https:\/\/ursus.ee\/toode\/prugikast-sydney-roostevaba3l-2\/"},"modified":"2026-04-20T15:08:20","modified_gmt":"2026-04-20T12:08:20","slug":"prugikast-sydney-roostevaba3l-2","status":"publish","type":"product","link":"https:\/\/ursus.ee\/en\/toode\/prugikast-sydney-roostevaba3l-2\/","title":{"rendered":"Pr\u00fcgikast Sydney roostevaba,3l"},"content":{"rendered":"<p>V\u00e4rvilise disainiga funktsionaalne Sydney sarja pedaaliga pr\u00fcgikast. Sujuvalt avanev \u00fche jalaliigutusega, suur pr\u00fcgikastiava mugavaks pr\u00fcgi asetamiseks. Eemaldatav sisu mugavamaks t\u00fchjendamiseks. Maht 3 liitrit.<\/p>\n","protected":false},"excerpt":{"rendered":"<p>V\u00e4rvilise disainiga funktsionaalne Sydney sarja pedaaliga pr\u00fcgikast. Sujuvalt avanev \u00fche jalaliigutusega, suur pr\u00fcgikastiava mugavaks pr\u00fcgi asetamiseks. Eemaldatav sisu mugavamaks t\u00fchjendamiseks. Maht 3 liitrit.<\/p>\n","protected":false},"featured_media":15394,"comment_status":"closed","ping_status":"open","template":"","meta":{"_acf_changed":false},"product_brand":[687],"product_cat":[512,688],"product_tag":[],"class_list":{"0":"post-17855","1":"product","2":"type-product","3":"status-publish","4":"has-post-thumbnail","6":"product_brand-spirella","7":"product_cat-majapidamistarbed","8":"product_cat-vannitoatarbed","9":"pa_kogus-1-tk","10":"pa_paritolumaa-hiina","11":"pa_uhik-tk","13":"first","14":"instock","15":"taxable","16":"shipping-taxable","17":"purchasable","18":"product-type-simple"},"acf":[],"_links":{"self":[{"href":"https:\/\/ursus.ee\/en\/wp-json\/wp\/v2\/product\/17855","targetHints":{"allow":["GET"]}}],"collection":[{"href":"https:\/\/ursus.ee\/en\/wp-json\/wp\/v2\/product"}],"about":[{"href":"https:\/\/ursus.ee\/en\/wp-json\/wp\/v2\/types\/product"}],"replies":[{"embeddable":true,"href":"https:\/\/ursus.ee\/en\/wp-json\/wp\/v2\/comments?post=17855"}],"wp:featuredmedia":[{"embeddable":true,"href":"https:\/\/ursus.ee\/en\/wp-json\/wp\/v2\/media\/15394"}],"wp:attachment":[{"href":"https:\/\/ursus.ee\/en\/wp-json\/wp\/v2\/media?parent=17855"}],"wp:term":[{"taxonomy":"product_brand","embeddable":true,"href":"https:\/\/ursus.ee\/en\/wp-json\/wp\/v2\/product_brand?post=17855"},{"taxonomy":"product_cat","embeddable":true,"href":"https:\/\/ursus.ee\/en\/wp-json\/wp\/v2\/product_cat?post=17855"},{"taxonomy":"product_tag","embeddable":true,"href":"https:\/\/ursus.ee\/en\/wp-json\/wp\/v2\/product_tag?post=17855"}],"curies":[{"name":"wp","href":"https:\/\/api.w.org\/{rel}","templated":true}]}}