{"id":17843,"date":"2026-04-17T12:22:27","date_gmt":"2026-04-17T09:22:27","guid":{"rendered":"https:\/\/ursus.ee\/toode\/uksenagi-ronda-valge-1-konks-2\/"},"modified":"2026-04-20T15:08:31","modified_gmt":"2026-04-20T12:08:31","slug":"uksenagi-ronda-valge-1-konks-2","status":"publish","type":"product","link":"https:\/\/ursus.ee\/en\/toode\/uksenagi-ronda-valge-1-konks-2\/","title":{"rendered":"Uksenagi Ronda valge 1 konks"},"content":{"rendered":"<p>Sobib kasutamiseks k\u00f5ikides eluruumides &#8211; k\u00f6\u00f6k, vannituba, elutuba, lastetuba jne. Lihtne paigaldada ja \u00e4ra v\u00f5tta ilma auke tekitamata. Sobilik kasutamiseks k\u00f5ikidel enamlevinud ustel. M\u00f5\u00f5dud 4&#215;4,4&#215;20 cm. V\u00e4rvus valge, materjal roostevaba teras.<\/p>\n","protected":false},"excerpt":{"rendered":"<p>Sobib kasutamiseks k\u00f5ikides eluruumides &#8211; k\u00f6\u00f6k, vannituba, elutuba, lastetuba jne. Lihtne paigaldada ja \u00e4ra v\u00f5tta ilma auke tekitamata. Sobilik kasutamiseks k\u00f5ikidel enamlevinud ustel. M\u00f5\u00f5dud 4&#215;4,4&#215;20 cm. V\u00e4rvus valge, materjal roostevaba teras.<\/p>\n","protected":false},"featured_media":15364,"comment_status":"closed","ping_status":"open","template":"","meta":{"_acf_changed":false},"product_brand":[687],"product_cat":[512,688],"product_tag":[],"class_list":{"0":"post-17843","1":"product","2":"type-product","3":"status-publish","4":"has-post-thumbnail","6":"product_brand-spirella","7":"product_cat-majapidamistarbed","8":"product_cat-vannitoatarbed","9":"pa_kogus-1-tk","10":"pa_koostis-roostevaba-teras","11":"pa_paritolumaa-sveits","12":"pa_uhik-tk","14":"first","15":"instock","16":"taxable","17":"shipping-taxable","18":"purchasable","19":"product-type-simple"},"acf":[],"_links":{"self":[{"href":"https:\/\/ursus.ee\/en\/wp-json\/wp\/v2\/product\/17843","targetHints":{"allow":["GET"]}}],"collection":[{"href":"https:\/\/ursus.ee\/en\/wp-json\/wp\/v2\/product"}],"about":[{"href":"https:\/\/ursus.ee\/en\/wp-json\/wp\/v2\/types\/product"}],"replies":[{"embeddable":true,"href":"https:\/\/ursus.ee\/en\/wp-json\/wp\/v2\/comments?post=17843"}],"wp:featuredmedia":[{"embeddable":true,"href":"https:\/\/ursus.ee\/en\/wp-json\/wp\/v2\/media\/15364"}],"wp:attachment":[{"href":"https:\/\/ursus.ee\/en\/wp-json\/wp\/v2\/media?parent=17843"}],"wp:term":[{"taxonomy":"product_brand","embeddable":true,"href":"https:\/\/ursus.ee\/en\/wp-json\/wp\/v2\/product_brand?post=17843"},{"taxonomy":"product_cat","embeddable":true,"href":"https:\/\/ursus.ee\/en\/wp-json\/wp\/v2\/product_cat?post=17843"},{"taxonomy":"product_tag","embeddable":true,"href":"https:\/\/ursus.ee\/en\/wp-json\/wp\/v2\/product_tag?post=17843"}],"curies":[{"name":"wp","href":"https:\/\/api.w.org\/{rel}","templated":true}]}}