{"id":17838,"date":"2026-04-17T12:22:24","date_gmt":"2026-04-17T09:22:24","guid":{"rendered":"https:\/\/ursus.ee\/toode\/kardinapuu-teleskoop-magic-125-220cm-metall-2\/"},"modified":"2026-04-20T15:05:43","modified_gmt":"2026-04-20T12:05:43","slug":"kardinapuu-teleskoop-magic-125-220cm-metall-2","status":"publish","type":"product","link":"https:\/\/ursus.ee\/en\/toode\/kardinapuu-teleskoop-magic-125-220cm-metall-2\/","title":{"rendered":"Kardinapuu teleskoop Magic 125-220cm metall"},"content":{"rendered":"<p>Alumiiniumist l\u00e4ikiva kroomviimistlusega sirge du\u0161ikardinapuu, otsakinnitused valged. Seinale kinnitatava toru l\u00e4bim\u00f5\u00f5t 21mm. Pikkus reguleeritav 125-220cm. Kriimustuskindel. Kardinar\u00f5ngad ei kuulu komplekti. Ei vaja paigaldamiseks aukude puurimist. Valmistatud \u0160vaitsis.<\/p>\n","protected":false},"excerpt":{"rendered":"<p>Alumiiniumist l\u00e4ikiva kroomviimistlusega sirge du\u0161ikardinapuu, otsakinnitused valged. Seinale kinnitatava toru l\u00e4bim\u00f5\u00f5t 21mm. Pikkus reguleeritav 125-220cm. Kriimustuskindel. Kardinar\u00f5ngad ei kuulu komplekti. Ei vaja paigaldamiseks aukude puurimist. Valmistatud \u0160vaitsis.<\/p>\n","protected":false},"featured_media":15350,"comment_status":"closed","ping_status":"open","template":"","meta":{"_acf_changed":false},"product_brand":[687],"product_cat":[512,688],"product_tag":[],"class_list":{"0":"post-17838","1":"product","2":"type-product","3":"status-publish","4":"has-post-thumbnail","6":"product_brand-spirella","7":"product_cat-majapidamistarbed","8":"product_cat-vannitoatarbed","9":"pa_kogus-1-tk","10":"pa_paritolumaa-hispaania","11":"pa_uhik-tk","13":"first","14":"instock","15":"taxable","16":"shipping-taxable","17":"purchasable","18":"product-type-simple"},"acf":[],"_links":{"self":[{"href":"https:\/\/ursus.ee\/en\/wp-json\/wp\/v2\/product\/17838","targetHints":{"allow":["GET"]}}],"collection":[{"href":"https:\/\/ursus.ee\/en\/wp-json\/wp\/v2\/product"}],"about":[{"href":"https:\/\/ursus.ee\/en\/wp-json\/wp\/v2\/types\/product"}],"replies":[{"embeddable":true,"href":"https:\/\/ursus.ee\/en\/wp-json\/wp\/v2\/comments?post=17838"}],"wp:featuredmedia":[{"embeddable":true,"href":"https:\/\/ursus.ee\/en\/wp-json\/wp\/v2\/media\/15350"}],"wp:attachment":[{"href":"https:\/\/ursus.ee\/en\/wp-json\/wp\/v2\/media?parent=17838"}],"wp:term":[{"taxonomy":"product_brand","embeddable":true,"href":"https:\/\/ursus.ee\/en\/wp-json\/wp\/v2\/product_brand?post=17838"},{"taxonomy":"product_cat","embeddable":true,"href":"https:\/\/ursus.ee\/en\/wp-json\/wp\/v2\/product_cat?post=17838"},{"taxonomy":"product_tag","embeddable":true,"href":"https:\/\/ursus.ee\/en\/wp-json\/wp\/v2\/product_tag?post=17838"}],"curies":[{"name":"wp","href":"https:\/\/api.w.org\/{rel}","templated":true}]}}