{"id":17831,"date":"2026-04-17T12:22:24","date_gmt":"2026-04-17T09:22:24","guid":{"rendered":"https:\/\/ursus.ee\/toode\/kardinarongad-c-minor-plastik-12tk-must-2\/"},"modified":"2026-04-20T15:05:43","modified_gmt":"2026-04-20T12:05:43","slug":"kardinarongad-c-minor-plastik-12tk-must-2","status":"publish","type":"product","link":"https:\/\/ursus.ee\/en\/toode\/kardinarongad-c-minor-plastik-12tk-must-2\/","title":{"rendered":"Kardinar\u00f5ngad C-minor plastik 12tk must"},"content":{"rendered":"<p>Du\u0161ikardinar\u00f5ngad plastikust, suuruses 4&#215;5.8cm. Komplektis 12tk. Valmistatud k\u00f5rge kvaliteediga plastikust, ei veni, tugevad ja vastupidavad kardina raskusele.<\/p>\n","protected":false},"excerpt":{"rendered":"<p>Du\u0161ikardinar\u00f5ngad plastikust, suuruses 4&#215;5.8cm. Komplektis 12tk. Valmistatud k\u00f5rge kvaliteediga plastikust, ei veni, tugevad ja vastupidavad kardina raskusele.<\/p>\n","protected":false},"featured_media":15330,"comment_status":"closed","ping_status":"open","template":"","meta":{"_acf_changed":false},"product_brand":[687],"product_cat":[512,688],"product_tag":[],"class_list":{"0":"post-17831","1":"product","2":"type-product","3":"status-publish","4":"has-post-thumbnail","6":"product_brand-spirella","7":"product_cat-majapidamistarbed","8":"product_cat-vannitoatarbed","9":"pa_kogus-12-tk","10":"pa_koostis-plast","11":"pa_paritolumaa-sloveenia","12":"pa_uhik-tk","14":"first","15":"instock","16":"taxable","17":"shipping-taxable","18":"purchasable","19":"product-type-simple"},"acf":[],"_links":{"self":[{"href":"https:\/\/ursus.ee\/en\/wp-json\/wp\/v2\/product\/17831","targetHints":{"allow":["GET"]}}],"collection":[{"href":"https:\/\/ursus.ee\/en\/wp-json\/wp\/v2\/product"}],"about":[{"href":"https:\/\/ursus.ee\/en\/wp-json\/wp\/v2\/types\/product"}],"replies":[{"embeddable":true,"href":"https:\/\/ursus.ee\/en\/wp-json\/wp\/v2\/comments?post=17831"}],"wp:featuredmedia":[{"embeddable":true,"href":"https:\/\/ursus.ee\/en\/wp-json\/wp\/v2\/media\/15330"}],"wp:attachment":[{"href":"https:\/\/ursus.ee\/en\/wp-json\/wp\/v2\/media?parent=17831"}],"wp:term":[{"taxonomy":"product_brand","embeddable":true,"href":"https:\/\/ursus.ee\/en\/wp-json\/wp\/v2\/product_brand?post=17831"},{"taxonomy":"product_cat","embeddable":true,"href":"https:\/\/ursus.ee\/en\/wp-json\/wp\/v2\/product_cat?post=17831"},{"taxonomy":"product_tag","embeddable":true,"href":"https:\/\/ursus.ee\/en\/wp-json\/wp\/v2\/product_tag?post=17831"}],"curies":[{"name":"wp","href":"https:\/\/api.w.org\/{rel}","templated":true}]}}