{"id":17829,"date":"2026-04-17T12:22:24","date_gmt":"2026-04-17T09:22:24","guid":{"rendered":"https:\/\/ursus.ee\/toode\/kardinarongad-12tk-labipaistev-2\/"},"modified":"2026-04-20T15:05:43","modified_gmt":"2026-04-20T12:05:43","slug":"kardinarongad-12tk-labipaistev-2","status":"publish","type":"product","link":"https:\/\/ursus.ee\/en\/toode\/kardinarongad-12tk-labipaistev-2\/","title":{"rendered":"Kardinar\u00f5ngad 12tk l\u00e4bipaistev"},"content":{"rendered":"<p>Plastikust C-kujulised vannikardina r\u00f5ngad. Pakendis 12 r\u00f5ngast. V\u00e4rvus l\u00e4bipaistev. Materjal SAN (Styrene Acrylonitrile).<\/p>\n","protected":false},"excerpt":{"rendered":"<p>Plastikust C-kujulised vannikardina r\u00f5ngad. Pakendis 12 r\u00f5ngast. V\u00e4rvus l\u00e4bipaistev. Materjal SAN (Styrene Acrylonitrile).<\/p>\n","protected":false},"featured_media":15323,"comment_status":"closed","ping_status":"open","template":"","meta":{"_acf_changed":false},"product_brand":[687],"product_cat":[512,688],"product_tag":[],"class_list":{"0":"post-17829","1":"product","2":"type-product","3":"status-publish","4":"has-post-thumbnail","6":"product_brand-spirella","7":"product_cat-majapidamistarbed","8":"product_cat-vannitoatarbed","9":"pa_kogus-12-tk","10":"pa_paritolumaa-sloveenia","11":"pa_uhik-tk","13":"first","14":"instock","15":"taxable","16":"shipping-taxable","17":"purchasable","18":"product-type-simple"},"acf":[],"_links":{"self":[{"href":"https:\/\/ursus.ee\/en\/wp-json\/wp\/v2\/product\/17829","targetHints":{"allow":["GET"]}}],"collection":[{"href":"https:\/\/ursus.ee\/en\/wp-json\/wp\/v2\/product"}],"about":[{"href":"https:\/\/ursus.ee\/en\/wp-json\/wp\/v2\/types\/product"}],"replies":[{"embeddable":true,"href":"https:\/\/ursus.ee\/en\/wp-json\/wp\/v2\/comments?post=17829"}],"wp:featuredmedia":[{"embeddable":true,"href":"https:\/\/ursus.ee\/en\/wp-json\/wp\/v2\/media\/15323"}],"wp:attachment":[{"href":"https:\/\/ursus.ee\/en\/wp-json\/wp\/v2\/media?parent=17829"}],"wp:term":[{"taxonomy":"product_brand","embeddable":true,"href":"https:\/\/ursus.ee\/en\/wp-json\/wp\/v2\/product_brand?post=17829"},{"taxonomy":"product_cat","embeddable":true,"href":"https:\/\/ursus.ee\/en\/wp-json\/wp\/v2\/product_cat?post=17829"},{"taxonomy":"product_tag","embeddable":true,"href":"https:\/\/ursus.ee\/en\/wp-json\/wp\/v2\/product_tag?post=17829"}],"curies":[{"name":"wp","href":"https:\/\/api.w.org\/{rel}","templated":true}]}}