{"id":17821,"date":"2026-04-17T12:22:28","date_gmt":"2026-04-17T09:22:28","guid":{"rendered":"https:\/\/ursus.ee\/toode\/vannitoavaip-lamb-pruun-55x65-cm-2\/"},"modified":"2026-04-20T15:14:32","modified_gmt":"2026-04-20T12:14:32","slug":"vannitoavaip-lamb-pruun-55x65-cm-2","status":"publish","type":"product","link":"https:\/\/ursus.ee\/en\/toode\/vannitoavaip-lamb-pruun-55x65-cm-2\/","title":{"rendered":"Vannitoavaip Lamb pruun 55&#215;65 cm"},"content":{"rendered":"<p>Meeldivalt kohev ja pehme vannitoavaip Lamb. Materjal 100% pol\u00fcester mikrofiiber, libisemskindel lateksp\u00f5hi. Pesumasinas pestav 40 kraadi juures. Sobib ka p\u00f5randak\u00fcttega ruumidesse. M\u00f5\u00f5dud 55x65cm, narmaste k\u00f5rgus 4cm.<\/p>\n","protected":false},"excerpt":{"rendered":"<p>Meeldivalt kohev ja pehme vannitoavaip Lamb. Materjal 100% pol\u00fcester mikrofiiber, libisemskindel lateksp\u00f5hi. Pesumasinas pestav 40 kraadi juures. Sobib ka p\u00f5randak\u00fcttega ruumidesse. M\u00f5\u00f5dud 55x65cm, narmaste k\u00f5rgus 4cm.<\/p>\n","protected":false},"featured_media":15299,"comment_status":"closed","ping_status":"open","template":"","meta":{"_acf_changed":false},"product_brand":[687],"product_cat":[512,688],"product_tag":[],"class_list":{"0":"post-17821","1":"product","2":"type-product","3":"status-publish","4":"has-post-thumbnail","6":"product_brand-spirella","7":"product_cat-majapidamistarbed","8":"product_cat-vannitoatarbed","9":"pa_kogus-1-tk","10":"pa_paritolumaa-sveits","11":"pa_uhik-tk","13":"first","14":"instock","15":"taxable","16":"shipping-taxable","17":"purchasable","18":"product-type-simple"},"acf":[],"_links":{"self":[{"href":"https:\/\/ursus.ee\/en\/wp-json\/wp\/v2\/product\/17821","targetHints":{"allow":["GET"]}}],"collection":[{"href":"https:\/\/ursus.ee\/en\/wp-json\/wp\/v2\/product"}],"about":[{"href":"https:\/\/ursus.ee\/en\/wp-json\/wp\/v2\/types\/product"}],"replies":[{"embeddable":true,"href":"https:\/\/ursus.ee\/en\/wp-json\/wp\/v2\/comments?post=17821"}],"wp:featuredmedia":[{"embeddable":true,"href":"https:\/\/ursus.ee\/en\/wp-json\/wp\/v2\/media\/15299"}],"wp:attachment":[{"href":"https:\/\/ursus.ee\/en\/wp-json\/wp\/v2\/media?parent=17821"}],"wp:term":[{"taxonomy":"product_brand","embeddable":true,"href":"https:\/\/ursus.ee\/en\/wp-json\/wp\/v2\/product_brand?post=17821"},{"taxonomy":"product_cat","embeddable":true,"href":"https:\/\/ursus.ee\/en\/wp-json\/wp\/v2\/product_cat?post=17821"},{"taxonomy":"product_tag","embeddable":true,"href":"https:\/\/ursus.ee\/en\/wp-json\/wp\/v2\/product_tag?post=17821"}],"curies":[{"name":"wp","href":"https:\/\/api.w.org\/{rel}","templated":true}]}}