{"id":17807,"date":"2026-04-17T12:22:27","date_gmt":"2026-04-17T09:22:27","guid":{"rendered":"https:\/\/ursus.ee\/toode\/vannitoavaip-balance-beez-60x90cm-2\/"},"modified":"2026-04-20T15:14:31","modified_gmt":"2026-04-20T12:14:31","slug":"vannitoavaip-balance-beez-60x90cm-2","status":"publish","type":"product","link":"https:\/\/ursus.ee\/en\/toode\/vannitoavaip-balance-beez-60x90cm-2\/","title":{"rendered":"Vannitoavaip Balance bee\u017e 60x90cm"},"content":{"rendered":"<p>Mittelibiseva p\u00f5hjaga vannitoavaip. Materjal 90% pol\u00fcester + 10% akr\u00fc\u00fcl. Masinpestav 40 kraadi juures. Sobib kasutamiseks ka p\u00f5randak\u00fcttega ruumides. M\u00f5\u00f5dud 60 x 90cm, narmaste k\u00f5rgus vastavalt v\u00e4rvitoonile erinev 2cm, 2,5cm, 3cm.<\/p>\n","protected":false},"excerpt":{"rendered":"<p>Mittelibiseva p\u00f5hjaga vannitoavaip. Materjal 90% pol\u00fcester + 10% akr\u00fc\u00fcl. Masinpestav 40 kraadi juures. Sobib kasutamiseks ka p\u00f5randak\u00fcttega ruumides. M\u00f5\u00f5dud 60 x 90cm, narmaste k\u00f5rgus vastavalt v\u00e4rvitoonile erinev 2cm, 2,5cm, 3cm.<\/p>\n","protected":false},"featured_media":15268,"comment_status":"closed","ping_status":"open","template":"","meta":{"_acf_changed":false},"product_brand":[687],"product_cat":[512,688],"product_tag":[],"class_list":{"0":"post-17807","1":"product","2":"type-product","3":"status-publish","4":"has-post-thumbnail","6":"product_brand-spirella","7":"product_cat-majapidamistarbed","8":"product_cat-vannitoatarbed","9":"pa_kogus-1-tk","10":"pa_paritolumaa-sveits","11":"pa_uhik-tk","13":"first","14":"instock","15":"taxable","16":"shipping-taxable","17":"purchasable","18":"product-type-simple"},"acf":[],"_links":{"self":[{"href":"https:\/\/ursus.ee\/en\/wp-json\/wp\/v2\/product\/17807","targetHints":{"allow":["GET"]}}],"collection":[{"href":"https:\/\/ursus.ee\/en\/wp-json\/wp\/v2\/product"}],"about":[{"href":"https:\/\/ursus.ee\/en\/wp-json\/wp\/v2\/types\/product"}],"replies":[{"embeddable":true,"href":"https:\/\/ursus.ee\/en\/wp-json\/wp\/v2\/comments?post=17807"}],"wp:featuredmedia":[{"embeddable":true,"href":"https:\/\/ursus.ee\/en\/wp-json\/wp\/v2\/media\/15268"}],"wp:attachment":[{"href":"https:\/\/ursus.ee\/en\/wp-json\/wp\/v2\/media?parent=17807"}],"wp:term":[{"taxonomy":"product_brand","embeddable":true,"href":"https:\/\/ursus.ee\/en\/wp-json\/wp\/v2\/product_brand?post=17807"},{"taxonomy":"product_cat","embeddable":true,"href":"https:\/\/ursus.ee\/en\/wp-json\/wp\/v2\/product_cat?post=17807"},{"taxonomy":"product_tag","embeddable":true,"href":"https:\/\/ursus.ee\/en\/wp-json\/wp\/v2\/product_tag?post=17807"}],"curies":[{"name":"wp","href":"https:\/\/api.w.org\/{rel}","templated":true}]}}