{"id":17798,"date":"2026-04-17T12:22:24","date_gmt":"2026-04-17T09:22:24","guid":{"rendered":"https:\/\/ursus.ee\/toode\/dusikardin-shore-180x200cm-pvc\/"},"modified":"2026-04-20T15:05:43","modified_gmt":"2026-04-20T12:05:43","slug":"dusikardin-shore-180x200cm-pvc","status":"publish","type":"product","link":"https:\/\/ursus.ee\/en\/toode\/dusikardin-shore-180x200cm-pvc\/","title":{"rendered":"Du\u0161ikardin Shore 180x200cm PVC"},"content":{"rendered":"<p>Du\u0161i- ja vannikardin, materjal 100% PEVA. M\u00f5\u00f5dud 180x200cm. Pestav, j\u00e4lgi hooldusjuhendit pakendil. Vett-t\u00f5rjuv ja pleekimiskindel. Lihtne hooldada, kuivab kiiresti. \u00dclaservas 12 tugevdatud r\u00f5ngaauku.<\/p>\n","protected":false},"excerpt":{"rendered":"<p>Du\u0161i- ja vannikardin, materjal 100% PEVA. M\u00f5\u00f5dud 180x200cm. Pestav, j\u00e4lgi hooldusjuhendit pakendil. Vett-t\u00f5rjuv ja pleekimiskindel. Lihtne hooldada, kuivab kiiresti. \u00dclaservas 12 tugevdatud r\u00f5ngaauku.<\/p>\n","protected":false},"featured_media":15253,"comment_status":"closed","ping_status":"open","template":"","meta":{"_acf_changed":false},"product_brand":[687],"product_cat":[512,688],"product_tag":[],"class_list":{"0":"post-17798","1":"product","2":"type-product","3":"status-publish","4":"has-post-thumbnail","6":"product_brand-spirella","7":"product_cat-majapidamistarbed","8":"product_cat-vannitoatarbed","9":"pa_kogus-1-tk","10":"pa_paritolumaa-sveits","11":"pa_uhik-tk","13":"first","14":"instock","15":"taxable","16":"shipping-taxable","17":"purchasable","18":"product-type-simple"},"acf":[],"_links":{"self":[{"href":"https:\/\/ursus.ee\/en\/wp-json\/wp\/v2\/product\/17798","targetHints":{"allow":["GET"]}}],"collection":[{"href":"https:\/\/ursus.ee\/en\/wp-json\/wp\/v2\/product"}],"about":[{"href":"https:\/\/ursus.ee\/en\/wp-json\/wp\/v2\/types\/product"}],"replies":[{"embeddable":true,"href":"https:\/\/ursus.ee\/en\/wp-json\/wp\/v2\/comments?post=17798"}],"wp:featuredmedia":[{"embeddable":true,"href":"https:\/\/ursus.ee\/en\/wp-json\/wp\/v2\/media\/15253"}],"wp:attachment":[{"href":"https:\/\/ursus.ee\/en\/wp-json\/wp\/v2\/media?parent=17798"}],"wp:term":[{"taxonomy":"product_brand","embeddable":true,"href":"https:\/\/ursus.ee\/en\/wp-json\/wp\/v2\/product_brand?post=17798"},{"taxonomy":"product_cat","embeddable":true,"href":"https:\/\/ursus.ee\/en\/wp-json\/wp\/v2\/product_cat?post=17798"},{"taxonomy":"product_tag","embeddable":true,"href":"https:\/\/ursus.ee\/en\/wp-json\/wp\/v2\/product_tag?post=17798"}],"curies":[{"name":"wp","href":"https:\/\/api.w.org\/{rel}","templated":true}]}}