{"id":17789,"date":"2026-04-17T12:22:26","date_gmt":"2026-04-17T09:22:26","guid":{"rendered":"https:\/\/ursus.ee\/toode\/tekstiilist-dushikardin-vagues-180x200cm-2\/"},"modified":"2026-04-20T15:08:27","modified_gmt":"2026-04-20T12:08:27","slug":"tekstiilist-dushikardin-vagues-180x200cm-2","status":"publish","type":"product","link":"https:\/\/ursus.ee\/en\/toode\/tekstiilist-dushikardin-vagues-180x200cm-2\/","title":{"rendered":"Tekstiilist dushikardin Vagues 180x200cm"},"content":{"rendered":"<p>Du\u0161i- ja vannikardin, materjal 100% pol\u00fcester (tekstiil). Pestav ja triigitav, nahas\u00f5bralik, vett-t\u00f5rjuv ja pleekimiskindel. Muster ei kulu pesemisel. Lihtne hooldada, kuivab kiiresti. Pesemisel mitte kasutada pesuloputusvahendit. Triikimine aktiveerib vett-t\u00f5rjuva efekti, triikida seestpoolt 2. kuumusastme juures. \u00dclaservas 12 tugevdatud r\u00f5ngaauku, allservas raskuspael. Kardinar\u00f5ngad ei kuulu komplekti. \u0160veitsi kvaliteet.<\/p>\n","protected":false},"excerpt":{"rendered":"<p>Du\u0161i- ja vannikardin, materjal 100% pol\u00fcester (tekstiil). Pestav ja triigitav, nahas\u00f5bralik, vett-t\u00f5rjuv ja pleekimiskindel. Muster ei kulu pesemisel. Lihtne hooldada, kuivab kiiresti. Pesemisel mitte kasutada pesuloputusvahendit. Triikimine aktiveerib vett-t\u00f5rjuva efekti, triikida seestpoolt 2. kuumusastme juures. \u00dclaservas 12 tugevdatud r\u00f5ngaauku, allservas raskuspael. Kardinar\u00f5ngad ei kuulu komplekti. \u0160veitsi kvaliteet.<\/p>\n","protected":false},"featured_media":15238,"comment_status":"closed","ping_status":"open","template":"","meta":{"_acf_changed":false},"product_brand":[687],"product_cat":[512,688],"product_tag":[],"class_list":{"0":"post-17789","1":"product","2":"type-product","3":"status-publish","4":"has-post-thumbnail","6":"product_brand-spirella","7":"product_cat-majapidamistarbed","8":"product_cat-vannitoatarbed","9":"pa_kogus-1-tk","10":"pa_koostis-100-poluester","11":"pa_paritolumaa-sveits","12":"pa_uhik-tk","14":"first","15":"instock","16":"taxable","17":"shipping-taxable","18":"purchasable","19":"product-type-simple"},"acf":[],"_links":{"self":[{"href":"https:\/\/ursus.ee\/en\/wp-json\/wp\/v2\/product\/17789","targetHints":{"allow":["GET"]}}],"collection":[{"href":"https:\/\/ursus.ee\/en\/wp-json\/wp\/v2\/product"}],"about":[{"href":"https:\/\/ursus.ee\/en\/wp-json\/wp\/v2\/types\/product"}],"replies":[{"embeddable":true,"href":"https:\/\/ursus.ee\/en\/wp-json\/wp\/v2\/comments?post=17789"}],"wp:featuredmedia":[{"embeddable":true,"href":"https:\/\/ursus.ee\/en\/wp-json\/wp\/v2\/media\/15238"}],"wp:attachment":[{"href":"https:\/\/ursus.ee\/en\/wp-json\/wp\/v2\/media?parent=17789"}],"wp:term":[{"taxonomy":"product_brand","embeddable":true,"href":"https:\/\/ursus.ee\/en\/wp-json\/wp\/v2\/product_brand?post=17789"},{"taxonomy":"product_cat","embeddable":true,"href":"https:\/\/ursus.ee\/en\/wp-json\/wp\/v2\/product_cat?post=17789"},{"taxonomy":"product_tag","embeddable":true,"href":"https:\/\/ursus.ee\/en\/wp-json\/wp\/v2\/product_tag?post=17789"}],"curies":[{"name":"wp","href":"https:\/\/api.w.org\/{rel}","templated":true}]}}