{"id":17775,"date":"2026-04-16T17:48:11","date_gmt":"2026-04-16T14:48:11","guid":{"rendered":"https:\/\/ursus.ee\/toode\/plekieemaldusvahend-spreiga-oxi-power-500ml-3\/"},"modified":"2026-04-23T15:21:32","modified_gmt":"2026-04-23T12:21:32","slug":"plekieemaldusvahend-spreiga-oxi-power-500ml-3","status":"publish","type":"product","link":"https:\/\/ursus.ee\/en\/toode\/plekieemaldusvahend-spreiga-oxi-power-500ml-3\/","title":{"rendered":"Plekieemaldusvahend spreiga Oxi Power 500ml"},"content":{"rendered":"<p>\u2022Plekieemaldusvaht eemaldab kangastelt v\u00e4rvilised, pleegitatavad ja rasvaplekid. \u2022Eemaldab plekid s\u00fcgavalt tekstiili kiududest. \u2022Sobib valgetele ja v\u00e4rvilistele kangastele. \u2022Dermatoloogiliselt testitud. \u20220% v\u00e4rvaineid, 0% kloori baasil valgendit. \u2022T\u00f6\u00f6tab temperatuuril alates 20\u00b0C.<\/p>\n<p>KASUTAMINE:<br \/>\n1. Pihustage plekieemaldusvahend otse plekile. 2. J\u00e4tke toimima kuni 10 minutiks. 3. Peske nagu tavaliselt.<\/p>\n<p>OHUTUS:<br \/>\nP\u00f5hjustab tugevat silmade \u00e4rritust. Hoida lastele k\u00e4ttesaamatus kohas. SILMA SATTUMISE KORRAL: Loputada mitme minuti jooksul ettevaatlikult veega. Eemaldada kontaktl\u00e4\u00e4tsed, kui neid kasutatakse ja kui neid on kerge eemaldada. Loputada veel kord. Kui silmade \u00e4rritus ei m\u00f6\u00f6du: p\u00f6\u00f6rduda arsti poole.<\/p>\n","protected":false},"excerpt":{"rendered":"<p>\u2022Plekieemaldusvaht eemaldab kangastelt v\u00e4rvilised, pleegitatavad ja rasvaplekid. \u2022Eemaldab plekid s\u00fcgavalt tekstiili kiududest. \u2022Sobib valgetele ja v\u00e4rvilistele kangastele. \u2022Dermatoloogiliselt testitud. \u20220% v\u00e4rvaineid, 0% kloori baasil valgendit. \u2022T\u00f6\u00f6tab temperatuuril alates 20\u00b0C. KASUTAMINE: 1. Pihustage plekieemaldusvahend otse plekile. 2. J\u00e4tke toimima kuni 10 minutiks. 3. Peske nagu tavaliselt. OHUTUS: P\u00f5hjustab tugevat silmade \u00e4rritust. Hoida lastele k\u00e4ttesaamatus kohas. SILMA<\/p>\n","protected":false},"featured_media":16780,"comment_status":"closed","ping_status":"closed","template":"","meta":{"_acf_changed":false},"product_brand":[110],"product_cat":[116,112],"product_tag":[],"class_list":{"0":"post-17775","1":"product","2":"type-product","3":"status-publish","4":"has-post-thumbnail","6":"product_brand-dr-beckmann","7":"product_cat-puhastusvahendid","8":"product_cat-pesuvahendid","9":"pa_kogus-500-ml","10":"pa_koostis-5-15-mitteioonsed-pindaktiivsed-ained-5-anioonsed-pindaktiivsed-ained-hapnikupohised-pleegitusained-naatriumbensoaat-lohnaained","11":"pa_paritolumaa-saksamaa","12":"pa_uhik-ml","14":"first","15":"instock","16":"taxable","17":"shipping-taxable","18":"purchasable","19":"product-type-simple"},"acf":[],"_links":{"self":[{"href":"https:\/\/ursus.ee\/en\/wp-json\/wp\/v2\/product\/17775","targetHints":{"allow":["GET"]}}],"collection":[{"href":"https:\/\/ursus.ee\/en\/wp-json\/wp\/v2\/product"}],"about":[{"href":"https:\/\/ursus.ee\/en\/wp-json\/wp\/v2\/types\/product"}],"replies":[{"embeddable":true,"href":"https:\/\/ursus.ee\/en\/wp-json\/wp\/v2\/comments?post=17775"}],"wp:featuredmedia":[{"embeddable":true,"href":"https:\/\/ursus.ee\/en\/wp-json\/wp\/v2\/media\/16780"}],"wp:attachment":[{"href":"https:\/\/ursus.ee\/en\/wp-json\/wp\/v2\/media?parent=17775"}],"wp:term":[{"taxonomy":"product_brand","embeddable":true,"href":"https:\/\/ursus.ee\/en\/wp-json\/wp\/v2\/product_brand?post=17775"},{"taxonomy":"product_cat","embeddable":true,"href":"https:\/\/ursus.ee\/en\/wp-json\/wp\/v2\/product_cat?post=17775"},{"taxonomy":"product_tag","embeddable":true,"href":"https:\/\/ursus.ee\/en\/wp-json\/wp\/v2\/product_tag?post=17775"}],"curies":[{"name":"wp","href":"https:\/\/api.w.org\/{rel}","templated":true}]}}