{"id":17773,"date":"2026-04-16T17:48:11","date_gmt":"2026-04-16T14:48:11","guid":{"rendered":"https:\/\/ursus.ee\/toode\/paevituskreem-naole-spf30-amazing-oils-2\/"},"modified":"2026-04-27T10:20:21","modified_gmt":"2026-04-27T07:20:21","slug":"paevituskreem-naole-spf30-amazing-oils-2","status":"publish","type":"product","link":"https:\/\/ursus.ee\/en\/toode\/paevituskreem-naole-spf30-amazing-oils-2\/","title":{"rendered":"P\u00e4evituskreem n\u00e4ole SPF30 Amazing Oils"},"content":{"rendered":"<p>V\u00e4ga tugeva SPF30 faktoriga p\u00e4ikesekaitsekreem on m\u00f5eldud spetsiaalselt n\u00e4onahal kasutamiseks. Kreem v\u00f5imaldab p\u00e4ikese k\u00e4es viibida ilma p\u00e4ikesep\u00f5letuse ohuta. Toode sobib kasutamiseks ka allergilise ja tundliku naha puhul. P\u00e4evituskreemis sisalduvad UVA ja UVB filtrid kaitsevad nahka p\u00e4ikesekiirte kahjulike m\u00f5jude ja fotovananemise eest. Kreem ennetab pigmendilaikude teket ning niisutab n\u00e4onahka s\u00fcgavuti. Sisaldab UVA\/ UVB filtreid, h\u00fcaluroonhapet, A-, E ja F- vitamiinide kompleksi. Dermatoloogiliselt testitud.<\/p>\n<p>KASUTAMINE:<br \/>\nKandke p\u00e4evituskreemi masseerivate liigutustega nahale enne p\u00e4ikese k\u00e4tte minemist. P\u00e4ikesekaitse tagamiseks korrata protseduuri iga paari tunni j\u00e4rel.<\/p>\n","protected":false},"excerpt":{"rendered":"<p>V\u00e4ga tugeva SPF30 faktoriga p\u00e4ikesekaitsekreem on m\u00f5eldud spetsiaalselt n\u00e4onahal kasutamiseks. Kreem v\u00f5imaldab p\u00e4ikese k\u00e4es viibida ilma p\u00e4ikesep\u00f5letuse ohuta. Toode sobib kasutamiseks ka allergilise ja tundliku naha puhul. P\u00e4evituskreemis sisalduvad UVA ja UVB filtrid kaitsevad nahka p\u00e4ikesekiirte kahjulike m\u00f5jude ja fotovananemise eest. Kreem ennetab pigmendilaikude teket ning niisutab n\u00e4onahka s\u00fcgavuti. Sisaldab UVA\/ UVB filtreid, h\u00fcaluroonhapet, A-,<\/p>\n","protected":false},"featured_media":15135,"comment_status":"closed","ping_status":"closed","template":"","meta":{"_acf_changed":false},"product_brand":[187],"product_cat":[513],"product_tag":[],"class_list":{"0":"post-17773","1":"product","2":"type-product","3":"status-publish","4":"has-post-thumbnail","6":"product_brand-eveline-cosmetics","7":"product_cat-potid-ja-pannid","8":"pa_kogus-50-ml","9":"pa_paritolumaa-poola","10":"pa_uhik-ml","12":"first","13":"instock","14":"taxable","15":"shipping-taxable","16":"purchasable","17":"product-type-simple"},"acf":[],"_links":{"self":[{"href":"https:\/\/ursus.ee\/en\/wp-json\/wp\/v2\/product\/17773","targetHints":{"allow":["GET"]}}],"collection":[{"href":"https:\/\/ursus.ee\/en\/wp-json\/wp\/v2\/product"}],"about":[{"href":"https:\/\/ursus.ee\/en\/wp-json\/wp\/v2\/types\/product"}],"replies":[{"embeddable":true,"href":"https:\/\/ursus.ee\/en\/wp-json\/wp\/v2\/comments?post=17773"}],"wp:featuredmedia":[{"embeddable":true,"href":"https:\/\/ursus.ee\/en\/wp-json\/wp\/v2\/media\/15135"}],"wp:attachment":[{"href":"https:\/\/ursus.ee\/en\/wp-json\/wp\/v2\/media?parent=17773"}],"wp:term":[{"taxonomy":"product_brand","embeddable":true,"href":"https:\/\/ursus.ee\/en\/wp-json\/wp\/v2\/product_brand?post=17773"},{"taxonomy":"product_cat","embeddable":true,"href":"https:\/\/ursus.ee\/en\/wp-json\/wp\/v2\/product_cat?post=17773"},{"taxonomy":"product_tag","embeddable":true,"href":"https:\/\/ursus.ee\/en\/wp-json\/wp\/v2\/product_tag?post=17773"}],"curies":[{"name":"wp","href":"https:\/\/api.w.org\/{rel}","templated":true}]}}