{"id":17769,"date":"2026-04-16T17:48:11","date_gmt":"2026-04-16T14:48:11","guid":{"rendered":"https:\/\/ursus.ee\/toode\/pesugeel-quick-power-wash-color-protect-varvilisele-pesule-2\/"},"modified":"2026-04-23T15:21:31","modified_gmt":"2026-04-23T12:21:31","slug":"pesugeel-quick-power-wash-color-protect-varvilisele-pesule-2","status":"publish","type":"product","link":"https:\/\/ursus.ee\/en\/toode\/pesugeel-quick-power-wash-color-protect-varvilisele-pesule-2\/","title":{"rendered":"Pesugeel Quick Power Wash Color Protect v\u00e4rvilisele pesule"},"content":{"rendered":"<p>Dr. Beckmann Quick Wash \u2013 puhas pesu vaid 15 minutiga!<br \/>\nUus Quick Wash sari seab pesupesemisel uue standardi: s\u00fcgavpuhastus rekordkiirusel. T\u00e4nu innovaatilisele Quick Wash tehnoloogiale eemaldab pesuvahend ka k\u00f5ige kangekaelsemad plekid vaid 15-minutilise ts\u00fckliga ilma kvaliteedis j\u00e4releandmisi tegemata. Pesugeeli eriline valem m\u00f5jub koheselt, eemaldades mustuse ja plekid kiiresti ja t\u00f5husalt. Spetsiaalne v\u00e4rvikaitse lubab pesta v\u00e4rvilisi riideid koos ilma sorteerimiseta. Meeldiv l\u00f5hn p\u00fcsib kuni 7 p\u00e4eva. Quick Wash s\u00e4\u00e4stab aega ja energiat, sobides l\u00fchikestele ts\u00fcklitele, v\u00e4hendades vee- ja elektrikulu. Pudelis on 100% taaskasutatud plast, mis aitab v\u00e4hendada plastij\u00e4\u00e4tmeid.<\/p>\n<p>OHUTUS:<br \/>\nP\u00f5hjustab naha\u00e4rritust. P\u00f5hjustab raskeid silmakahjustusi. V\u00e4ga m\u00fcrgine veeorganismidele, pikaajaline toime. Arsti poole p\u00f6\u00f6rdudes v\u00f5tta kaasa toote pakend v\u00f5i etikett. Hoida lastele k\u00e4ttesaamatus kohas. Kanda kaitseprille\/kaitsemaski. SILMA SATTUMISE KORRAL: loputada mitme minuti jooksul ettevaatlikult veega. Eemaldada kontaktl\u00e4\u00e4tsed, kui neid kasutatakse ja kui neid on kerge eemaldada. Loputada veel kord. V\u00f5tta viivitamata \u00fchendust M\u00dcRGISTUSTEABEKESKUSE v\u00f5i arstiga. Sisu\/mahuti k\u00f5rvaldada ohtlike v\u00f5i spetsiaalsete j\u00e4\u00e4tmete kogumispunkti vastavalt kohalikele ja\/v\u00f5i rahvusvahelistele eeskirjadele. Sisaldab heks\u00fc\u00fclsalits\u00fclaati. V\u00f5ib p\u00f5hjustada allergilist reaktsiooni. Sisaldab: Alkoholid, C12-14, etoks\u00fc\u00fclitud; benseensulfoonhape, C10-13-alk\u00fc\u00fclderivaadid, naatriumsoolad; alkoholid, C12-14, etoks\u00fc\u00fclitud, sulfaadid, naatriumsoolad; 2-fenoks\u00fcetanool.<\/p>\n","protected":false},"excerpt":{"rendered":"<p>Dr. Beckmann Quick Wash \u2013 puhas pesu vaid 15 minutiga! Uus Quick Wash sari seab pesupesemisel uue standardi: s\u00fcgavpuhastus rekordkiirusel. T\u00e4nu innovaatilisele Quick Wash tehnoloogiale eemaldab pesuvahend ka k\u00f5ige kangekaelsemad plekid vaid 15-minutilise ts\u00fckliga ilma kvaliteedis j\u00e4releandmisi tegemata. Pesugeeli eriline valem m\u00f5jub koheselt, eemaldades mustuse ja plekid kiiresti ja t\u00f5husalt. Spetsiaalne v\u00e4rvikaitse lubab pesta v\u00e4rvilisi<\/p>\n","protected":false},"featured_media":16768,"comment_status":"closed","ping_status":"closed","template":"","meta":{"_acf_changed":false},"product_brand":[110],"product_cat":[116,112],"product_tag":[],"class_list":{"0":"post-17769","1":"product","2":"type-product","3":"status-publish","4":"has-post-thumbnail","6":"product_brand-dr-beckmann","7":"product_cat-puhastusvahendid","8":"product_cat-pesuvahendid","9":"pa_kogus-800-ml","10":"pa_koostis-5-15-mitteioonsed-pindaktiivsed-ained-anioonsed-pindaktiivsed-ained-5-seep-fosfonaadid-ensuumid-phenoxyethanol-lohnaained-alpha-isomethyl-ionone-benzyl-acohol-citronellol-ge","11":"pa_paritolumaa-saksamaa","12":"pa_uhik-ml","14":"first","15":"instock","16":"taxable","17":"shipping-taxable","18":"purchasable","19":"product-type-simple"},"acf":[],"_links":{"self":[{"href":"https:\/\/ursus.ee\/en\/wp-json\/wp\/v2\/product\/17769","targetHints":{"allow":["GET"]}}],"collection":[{"href":"https:\/\/ursus.ee\/en\/wp-json\/wp\/v2\/product"}],"about":[{"href":"https:\/\/ursus.ee\/en\/wp-json\/wp\/v2\/types\/product"}],"replies":[{"embeddable":true,"href":"https:\/\/ursus.ee\/en\/wp-json\/wp\/v2\/comments?post=17769"}],"wp:featuredmedia":[{"embeddable":true,"href":"https:\/\/ursus.ee\/en\/wp-json\/wp\/v2\/media\/16768"}],"wp:attachment":[{"href":"https:\/\/ursus.ee\/en\/wp-json\/wp\/v2\/media?parent=17769"}],"wp:term":[{"taxonomy":"product_brand","embeddable":true,"href":"https:\/\/ursus.ee\/en\/wp-json\/wp\/v2\/product_brand?post=17769"},{"taxonomy":"product_cat","embeddable":true,"href":"https:\/\/ursus.ee\/en\/wp-json\/wp\/v2\/product_cat?post=17769"},{"taxonomy":"product_tag","embeddable":true,"href":"https:\/\/ursus.ee\/en\/wp-json\/wp\/v2\/product_tag?post=17769"}],"curies":[{"name":"wp","href":"https:\/\/api.w.org\/{rel}","templated":true}]}}