{"id":17766,"date":"2026-04-16T17:48:11","date_gmt":"2026-04-16T14:48:11","guid":{"rendered":"https:\/\/ursus.ee\/toode\/niiske-tualettpaber-selecta-2\/"},"modified":"2026-04-23T15:21:30","modified_gmt":"2026-04-23T12:21:30","slug":"niiske-tualettpaber-selecta-2","status":"publish","type":"product","link":"https:\/\/ursus.ee\/en\/toode\/niiske-tualettpaber-selecta-2\/","title":{"rendered":"Niiske tualettpaber Selecta"},"content":{"rendered":"<p>Ruta\u00a0niiske tualettpaber\u00a0tagab mitte ainult p\u00f5hjaliku puhtuse, vaid ka usaldusv\u00e4\u00e4rse hoolduse teie nahale. Niisutatud tualettpaber sisaldab D-panthenooliga kreemi, mis annab nahale t\u00e4iendavat niisutust ja kaitset. Toode on \u00f5rnalt immutatud aloe ekstraktiga, mis annab lapile m\u00f5nusa v\u00e4rske aroomi. Ei sisalda alkoholi. Biolagunevast materjalist valmistatud tualettpaber on keskkonnas\u00f5bralik ja p\u00e4rast kasutamist loomulikult biolagunev. Ei sisalda plastikut. Seega v\u00f5ib seda visata tualettpotti. Pakendis on 80 niisutatud paberit.<\/p>\n<p>OHUTUS:<br \/>\nP\u00f5hjustab naha\u00e4rritust. P\u00f5hjustab raskeid silmakahjustusi. Arsti poole p\u00f6\u00f6rdudes v\u00f5tta kaasa toote pakend v\u00f5i etikett. Hoida lastele k\u00e4ttesaamatus kohas. Kanda kaitseprille\/kaitsemaski. SILMA SATTUMISE KORRAL: loputada mitme minuti jooksul ettevaatlikult veega. Eemaldada kontaktl\u00e4\u00e4tsed, kui neid kasutatakse ja kui neid on kerge eemaldada. Loputada veel kord. V\u00f5tta viivitamata \u00fchendust M\u00dcRGISTUSTEABEKESKUSE v\u00f5i arstiga. Sisaldab: Alkoholid, C12-14, etoks\u00fc\u00fclitud; benseensulfoonhape, C10-13-alk\u00fc\u00fclderivaadid, naatriumsoolad; alkoholid, C12-14, etoks\u00fc\u00fclitud, sulfaadid, naatriumsoolad; 2-fenoks\u00fcetanool.<\/p>\n","protected":false},"excerpt":{"rendered":"<p>Ruta\u00a0niiske tualettpaber\u00a0tagab mitte ainult p\u00f5hjaliku puhtuse, vaid ka usaldusv\u00e4\u00e4rse hoolduse teie nahale. Niisutatud tualettpaber sisaldab D-panthenooliga kreemi, mis annab nahale t\u00e4iendavat niisutust ja kaitset. Toode on \u00f5rnalt immutatud aloe ekstraktiga, mis annab lapile m\u00f5nusa v\u00e4rske aroomi. Ei sisalda alkoholi. Biolagunevast materjalist valmistatud tualettpaber on keskkonnas\u00f5bralik ja p\u00e4rast kasutamist loomulikult biolagunev. Ei sisalda plastikut. Seega v\u00f5ib<\/p>\n","protected":false},"featured_media":15099,"comment_status":"closed","ping_status":"open","template":"","meta":{"_acf_changed":false},"product_brand":[422],"product_cat":[512,423],"product_tag":[],"class_list":{"0":"post-17766","1":"product","2":"type-product","3":"status-publish","4":"has-post-thumbnail","6":"product_brand-ruta","7":"product_cat-majapidamistarbed","8":"product_cat-pabertooted","9":"pa_kogus-80-tk","10":"pa_koostis-5-15-mitteioonsed-pindaktiivsed-ained-anioonsed-pindaktiivsed-ained-5-seep-fosfonaadid-ensuumid-phenoxyethanol-lohnaained-citronellol","11":"pa_paritolumaa-ukraina","12":"pa_uhik-tk","14":"first","15":"instock","16":"taxable","17":"shipping-taxable","18":"purchasable","19":"product-type-simple"},"acf":[],"_links":{"self":[{"href":"https:\/\/ursus.ee\/en\/wp-json\/wp\/v2\/product\/17766","targetHints":{"allow":["GET"]}}],"collection":[{"href":"https:\/\/ursus.ee\/en\/wp-json\/wp\/v2\/product"}],"about":[{"href":"https:\/\/ursus.ee\/en\/wp-json\/wp\/v2\/types\/product"}],"replies":[{"embeddable":true,"href":"https:\/\/ursus.ee\/en\/wp-json\/wp\/v2\/comments?post=17766"}],"wp:featuredmedia":[{"embeddable":true,"href":"https:\/\/ursus.ee\/en\/wp-json\/wp\/v2\/media\/15099"}],"wp:attachment":[{"href":"https:\/\/ursus.ee\/en\/wp-json\/wp\/v2\/media?parent=17766"}],"wp:term":[{"taxonomy":"product_brand","embeddable":true,"href":"https:\/\/ursus.ee\/en\/wp-json\/wp\/v2\/product_brand?post=17766"},{"taxonomy":"product_cat","embeddable":true,"href":"https:\/\/ursus.ee\/en\/wp-json\/wp\/v2\/product_cat?post=17766"},{"taxonomy":"product_tag","embeddable":true,"href":"https:\/\/ursus.ee\/en\/wp-json\/wp\/v2\/product_tag?post=17766"}],"curies":[{"name":"wp","href":"https:\/\/api.w.org\/{rel}","templated":true}]}}