{"id":17761,"date":"2026-04-16T17:48:11","date_gmt":"2026-04-16T14:48:11","guid":{"rendered":"https:\/\/ursus.ee\/toode\/niisked-salvratid-kummeliga-2\/"},"modified":"2026-04-23T15:21:30","modified_gmt":"2026-04-23T12:21:30","slug":"niisked-salvratid-kummeliga-2","status":"publish","type":"product","link":"https:\/\/ursus.ee\/en\/toode\/niisked-salvratid-kummeliga-2\/","title":{"rendered":"Niisked salvr\u00e4tid kummeliga"},"content":{"rendered":"<p>Niisked salvr\u00e4tid puhastavad nahka vee ja seebita. Pehmed niisked salvr\u00e4tid on immutatud looduslike kummeli ekstraktide ja l\u00f5hnaainete abil. Ei sisalda alkoholi. T\u00e4nu k\u00e4ep\u00e4rasele pakendi suurusele, on neid mugav kasutada nii kodus, teel olles kui ka puhkusel.<\/p>\n","protected":false},"excerpt":{"rendered":"<p>Niisked salvr\u00e4tid puhastavad nahka vee ja seebita. Pehmed niisked salvr\u00e4tid on immutatud looduslike kummeli ekstraktide ja l\u00f5hnaainete abil. Ei sisalda alkoholi. T\u00e4nu k\u00e4ep\u00e4rasele pakendi suurusele, on neid mugav kasutada nii kodus, teel olles kui ka puhkusel.<\/p>\n","protected":false},"featured_media":15089,"comment_status":"closed","ping_status":"open","template":"","meta":{"_acf_changed":false},"product_brand":[422],"product_cat":[512,423],"product_tag":[],"class_list":{"0":"post-17761","1":"product","2":"type-product","3":"status-publish","4":"has-post-thumbnail","6":"product_brand-ruta","7":"product_cat-majapidamistarbed","8":"product_cat-pabertooted","9":"pa_kogus-15-tk","10":"pa_koostis-water-demineralized-glycerin-propylene-glycol-benzalkonium-chloride-cocamidopropyl-betaine-peg-40-hydrogenated-castor-oil-ppg-2-methyl-ester-ethyl-paraben-2-bromo-2-nitropropane-13-diol-cet","11":"pa_paritolumaa-ukraina","12":"pa_uhik-tk","14":"first","15":"instock","16":"taxable","17":"shipping-taxable","18":"purchasable","19":"product-type-simple"},"acf":[],"_links":{"self":[{"href":"https:\/\/ursus.ee\/en\/wp-json\/wp\/v2\/product\/17761","targetHints":{"allow":["GET"]}}],"collection":[{"href":"https:\/\/ursus.ee\/en\/wp-json\/wp\/v2\/product"}],"about":[{"href":"https:\/\/ursus.ee\/en\/wp-json\/wp\/v2\/types\/product"}],"replies":[{"embeddable":true,"href":"https:\/\/ursus.ee\/en\/wp-json\/wp\/v2\/comments?post=17761"}],"wp:featuredmedia":[{"embeddable":true,"href":"https:\/\/ursus.ee\/en\/wp-json\/wp\/v2\/media\/15089"}],"wp:attachment":[{"href":"https:\/\/ursus.ee\/en\/wp-json\/wp\/v2\/media?parent=17761"}],"wp:term":[{"taxonomy":"product_brand","embeddable":true,"href":"https:\/\/ursus.ee\/en\/wp-json\/wp\/v2\/product_brand?post=17761"},{"taxonomy":"product_cat","embeddable":true,"href":"https:\/\/ursus.ee\/en\/wp-json\/wp\/v2\/product_cat?post=17761"},{"taxonomy":"product_tag","embeddable":true,"href":"https:\/\/ursus.ee\/en\/wp-json\/wp\/v2\/product_tag?post=17761"}],"curies":[{"name":"wp","href":"https:\/\/api.w.org\/{rel}","templated":true}]}}