{"id":17757,"date":"2026-04-16T17:48:11","date_gmt":"2026-04-16T14:48:11","guid":{"rendered":"https:\/\/ursus.ee\/toode\/salvratikud-33x33cm-3-kihiline-15\/"},"modified":"2026-04-23T15:21:40","modified_gmt":"2026-04-23T12:21:40","slug":"salvratikud-33x33cm-3-kihiline-15","status":"publish","type":"product","link":"https:\/\/ursus.ee\/en\/toode\/salvratikud-33x33cm-3-kihiline-15\/","title":{"rendered":"Salvr\u00e4tikud 33x33cm, 3-kihiline"},"content":{"rendered":"<p>Kolmekihilised pabersalvr\u00e4tikud, mis on valmistatud keskkonnas\u00f5bralikust kvaliteetsest toorainest &#8211; 100% tselluloosist, on suurep\u00e4raseks lisandiks pidulikule lauale. V\u00e4rvide mitmekesisus v\u00f5imaldab valida t\u00e4pselt sellise serveerimissalvr\u00e4tiku versioon, mis sobib interj\u00f6\u00f6ri k\u00f5ige paremini. Kihtide arv: 3. Salvr\u00e4tiku suurus: 33x33cm.<\/p>\n","protected":false},"excerpt":{"rendered":"<p>Kolmekihilised pabersalvr\u00e4tikud, mis on valmistatud keskkonnas\u00f5bralikust kvaliteetsest toorainest &#8211; 100% tselluloosist, on suurep\u00e4raseks lisandiks pidulikule lauale. V\u00e4rvide mitmekesisus v\u00f5imaldab valida t\u00e4pselt sellise serveerimissalvr\u00e4tiku versioon, mis sobib interj\u00f6\u00f6ri k\u00f5ige paremini. Kihtide arv: 3. Salvr\u00e4tiku suurus: 33x33cm.<\/p>\n","protected":false},"featured_media":15081,"comment_status":"closed","ping_status":"open","template":"","meta":{"_acf_changed":false},"product_brand":[422],"product_cat":[512,423],"product_tag":[],"class_list":{"0":"post-17757","1":"product","2":"type-product","3":"status-publish","4":"has-post-thumbnail","6":"product_brand-ruta","7":"product_cat-majapidamistarbed","8":"product_cat-pabertooted","9":"pa_kogus-20-tk","10":"pa_koostis-100-tselluloos","11":"pa_paritolumaa-ukraina","12":"pa_uhik-tk","14":"first","15":"instock","16":"taxable","17":"shipping-taxable","18":"purchasable","19":"product-type-simple"},"acf":[],"_links":{"self":[{"href":"https:\/\/ursus.ee\/en\/wp-json\/wp\/v2\/product\/17757","targetHints":{"allow":["GET"]}}],"collection":[{"href":"https:\/\/ursus.ee\/en\/wp-json\/wp\/v2\/product"}],"about":[{"href":"https:\/\/ursus.ee\/en\/wp-json\/wp\/v2\/types\/product"}],"replies":[{"embeddable":true,"href":"https:\/\/ursus.ee\/en\/wp-json\/wp\/v2\/comments?post=17757"}],"wp:featuredmedia":[{"embeddable":true,"href":"https:\/\/ursus.ee\/en\/wp-json\/wp\/v2\/media\/15081"}],"wp:attachment":[{"href":"https:\/\/ursus.ee\/en\/wp-json\/wp\/v2\/media?parent=17757"}],"wp:term":[{"taxonomy":"product_brand","embeddable":true,"href":"https:\/\/ursus.ee\/en\/wp-json\/wp\/v2\/product_brand?post=17757"},{"taxonomy":"product_cat","embeddable":true,"href":"https:\/\/ursus.ee\/en\/wp-json\/wp\/v2\/product_cat?post=17757"},{"taxonomy":"product_tag","embeddable":true,"href":"https:\/\/ursus.ee\/en\/wp-json\/wp\/v2\/product_tag?post=17757"}],"curies":[{"name":"wp","href":"https:\/\/api.w.org\/{rel}","templated":true}]}}