{"id":17751,"date":"2026-04-16T17:48:02","date_gmt":"2026-04-16T14:48:02","guid":{"rendered":"https:\/\/ursus.ee\/toode\/salvratikud-24%d1%8524cm-1-kihiline-2\/"},"modified":"2026-04-23T15:21:40","modified_gmt":"2026-04-23T12:21:40","slug":"salvratikud-24%d1%8524cm-1-kihiline-2","status":"publish","type":"product","link":"https:\/\/ursus.ee\/en\/toode\/salvratikud-24%d1%8524cm-1-kihiline-2\/","title":{"rendered":"Salvr\u00e4tikud, 24\u044524cm, 1-kihiline"},"content":{"rendered":"<p>Klassikalised\u00a0valged\u00a0salvr\u00e4tikud on valmistatud 100% looduslikust tselluloosist. Suure veeimavusega tihedad 1-kihilised salvr\u00e4tikud. Parim variant igap\u00e4evaseks kasutamiseks.<\/p>\n","protected":false},"excerpt":{"rendered":"<p>Klassikalised\u00a0valged\u00a0salvr\u00e4tikud on valmistatud 100% looduslikust tselluloosist. Suure veeimavusega tihedad 1-kihilised salvr\u00e4tikud. Parim variant igap\u00e4evaseks kasutamiseks.<\/p>\n","protected":false},"featured_media":15069,"comment_status":"closed","ping_status":"open","template":"","meta":{"_acf_changed":false},"product_brand":[422],"product_cat":[512,423],"product_tag":[],"class_list":{"0":"post-17751","1":"product","2":"type-product","3":"status-publish","4":"has-post-thumbnail","6":"product_brand-ruta","7":"product_cat-majapidamistarbed","8":"product_cat-pabertooted","9":"pa_kogus-100-tk","10":"pa_koostis-100-tselluloos","11":"pa_paritolumaa-ukraina","12":"pa_uhik-tk","14":"first","15":"instock","16":"taxable","17":"shipping-taxable","18":"purchasable","19":"product-type-simple"},"acf":[],"_links":{"self":[{"href":"https:\/\/ursus.ee\/en\/wp-json\/wp\/v2\/product\/17751","targetHints":{"allow":["GET"]}}],"collection":[{"href":"https:\/\/ursus.ee\/en\/wp-json\/wp\/v2\/product"}],"about":[{"href":"https:\/\/ursus.ee\/en\/wp-json\/wp\/v2\/types\/product"}],"replies":[{"embeddable":true,"href":"https:\/\/ursus.ee\/en\/wp-json\/wp\/v2\/comments?post=17751"}],"wp:featuredmedia":[{"embeddable":true,"href":"https:\/\/ursus.ee\/en\/wp-json\/wp\/v2\/media\/15069"}],"wp:attachment":[{"href":"https:\/\/ursus.ee\/en\/wp-json\/wp\/v2\/media?parent=17751"}],"wp:term":[{"taxonomy":"product_brand","embeddable":true,"href":"https:\/\/ursus.ee\/en\/wp-json\/wp\/v2\/product_brand?post=17751"},{"taxonomy":"product_cat","embeddable":true,"href":"https:\/\/ursus.ee\/en\/wp-json\/wp\/v2\/product_cat?post=17751"},{"taxonomy":"product_tag","embeddable":true,"href":"https:\/\/ursus.ee\/en\/wp-json\/wp\/v2\/product_tag?post=17751"}],"curies":[{"name":"wp","href":"https:\/\/api.w.org\/{rel}","templated":true}]}}